{"id":641,"date":"2025-10-12T09:20:21","date_gmt":"2025-10-12T09:20:21","guid":{"rendered":"https:\/\/www.labatissedespres.com\/?page_id=641"},"modified":"2025-11-07T16:34:33","modified_gmt":"2025-11-07T16:34:33","slug":"nos-bons-plan","status":"publish","type":"page","link":"https:\/\/www.labatissedespres.com\/index.php\/nos-bons-plan\/","title":{"rendered":"Nos bons plan"},"content":{"rendered":"\t\t<div data-elementor-type=\"wp-page\" data-elementor-id=\"641\" class=\"elementor elementor-641\">\n\t\t\t\t<div class=\"elementor-element elementor-element-679e9737 e-con-full e-flex e-con e-parent\" data-id=\"679e9737\" data-element_type=\"container\">\n\t\t\t\t<div class=\"elementor-element elementor-element-6a9ac489 elementor-widget__width-inherit elementor-widget elementor-widget-image\" data-id=\"6a9ac489\" data-element_type=\"widget\" data-widget_type=\"image.default\">\n\t\t\t\t\t\t\t\t\t\t\t\t\t\t\t<img decoding=\"async\" src=\"https:\/\/www.labatissedespres.com\/wp-content\/uploads\/2025\/11\/Nos-bons-plans.jpg\" title=\"Nos bons plans\" alt=\"Nos bons plans\" loading=\"lazy\" \/>\t\t\t\t\t\t\t\t\t\t\t\t\t\t\t<\/div>\n\t\t\t\t<\/div>\n\t\t<div class=\"elementor-element elementor-element-1f32f926 e-con-full e-flex e-con e-parent\" data-id=\"1f32f926\" data-element_type=\"container\" data-settings=\"{&quot;background_background&quot;:&quot;classic&quot;}\">\n\t\t\t\t<div class=\"elementor-element elementor-element-3695ed24 elementor-widget__width-inherit elementor-widget elementor-widget-heading\" data-id=\"3695ed24\" data-element_type=\"widget\" data-widget_type=\"heading.default\">\n\t\t\t\t\t<h2 class=\"elementor-heading-title elementor-size-default\">Les bons plans, c'est ici!!<\/h2>\t\t\t\t<\/div>\n\t\t\t\t<\/div>\n\t\t<div class=\"elementor-element elementor-element-30ea105 e-con-full e-flex e-con e-parent\" data-id=\"30ea105\" data-element_type=\"container\">\n\t\t\t\t<div class=\"elementor-element elementor-element-57e827e8 elementor-widget__width-inherit elementor-widget elementor-widget-text-editor\" data-id=\"57e827e8\" data-element_type=\"widget\" data-widget_type=\"text-editor.default\">\n\t\t\t\t\t\t\t\t\t<p>Entre deux descentes et trois randos, on a d\u00e9nich\u00e9 les bons plans qui font plaisir : la raclette qui fond plus vite que la neige au soleil, la terrasse secr\u00e8te o\u00f9 le caf\u00e9 co\u00fbte moins cher qu\u2019un forfait, et la rando qui monte (presque) toute seule. Bref, tout ce qu\u2019il faut pour profiter sans (trop) transpirer ni se ruiner ! Nos secrets : les spots tranquilles, les happy hours bien plac\u00e9es et les bons coins pique-nique avec vue carte postale. Promis, on partage tout\u2026 enfin, presque !<\/p>\t\t\t\t\t\t\t\t<\/div>\n\t\t\t\t<\/div>\n\t\t<div class=\"elementor-element elementor-element-2ac8ff85 e-flex e-con-boxed e-con e-parent\" data-id=\"2ac8ff85\" data-element_type=\"container\">\n\t\t\t\t\t<div class=\"e-con-inner\">\n\t\t\t\t<div class=\"elementor-element elementor-element-9bda4f2 elementor-widget elementor-widget-heading\" data-id=\"9bda4f2\" data-element_type=\"widget\" data-widget_type=\"heading.default\">\n\t\t\t\t\t<h2 class=\"elementor-heading-title elementor-size-default\">Glisse et sports d'hiver<\/h2>\t\t\t\t<\/div>\n\t\t\t\t\t<\/div>\n\t\t\t\t<\/div>\n\t\t<div class=\"elementor-element elementor-element-7c75a7d9 e-flex e-con-boxed e-con e-parent\" data-id=\"7c75a7d9\" data-element_type=\"container\">\n\t\t\t\t\t<div class=\"e-con-inner\">\n\t\t<div class=\"elementor-element elementor-element-61f4c1d7 e-con-full e-flex e-con e-child\" data-id=\"61f4c1d7\" data-element_type=\"container\">\n\t\t\t\t<div class=\"elementor-element elementor-element-5d1c77f6 elementor-widget elementor-widget-image\" data-id=\"5d1c77f6\" data-element_type=\"widget\" data-widget_type=\"image.default\">\n\t\t\t\t\t\t\t\t\t\t\t\t\t\t\t<img decoding=\"async\" src=\"https:\/\/www.labatissedespres.com\/wp-content\/plugins\/elementor\/assets\/images\/placeholder.png\" title=\"\" alt=\"\" loading=\"lazy\" \/>\t\t\t\t\t\t\t\t\t\t\t\t\t\t\t<\/div>\n\t\t\t\t<\/div>\n\t\t<div class=\"elementor-element elementor-element-21509982 e-con-full e-flex e-con e-child\" data-id=\"21509982\" data-element_type=\"container\">\n\t\t\t\t<div class=\"elementor-element elementor-element-6ebaceb7 elementor-widget elementor-widget-image\" data-id=\"6ebaceb7\" data-element_type=\"widget\" data-widget_type=\"image.default\">\n\t\t\t\t\t\t\t\t\t\t\t\t\t\t\t<img decoding=\"async\" src=\"https:\/\/www.labatissedespres.com\/wp-content\/plugins\/elementor\/assets\/images\/placeholder.png\" title=\"\" alt=\"\" loading=\"lazy\" \/>\t\t\t\t\t\t\t\t\t\t\t\t\t\t\t<\/div>\n\t\t\t\t<\/div>\n\t\t<div class=\"elementor-element elementor-element-5cf92437 e-con-full e-flex e-con e-child\" data-id=\"5cf92437\" data-element_type=\"container\">\n\t\t\t\t<div class=\"elementor-element elementor-element-72c86bf5 elementor-widget elementor-widget-image\" data-id=\"72c86bf5\" data-element_type=\"widget\" data-widget_type=\"image.default\">\n\t\t\t\t\t\t\t\t\t\t\t\t\t\t\t<img decoding=\"async\" src=\"https:\/\/www.labatissedespres.com\/wp-content\/plugins\/elementor\/assets\/images\/placeholder.png\" title=\"\" alt=\"\" loading=\"lazy\" \/>\t\t\t\t\t\t\t\t\t\t\t\t\t\t\t<\/div>\n\t\t\t\t<\/div>\n\t\t<div class=\"elementor-element elementor-element-3ebc71c0 e-con-full e-flex e-con e-child\" data-id=\"3ebc71c0\" data-element_type=\"container\">\n\t\t\t\t<div class=\"elementor-element elementor-element-7ec4c32a elementor-widget elementor-widget-image\" data-id=\"7ec4c32a\" data-element_type=\"widget\" data-widget_type=\"image.default\">\n\t\t\t\t\t\t\t\t\t\t\t\t\t\t\t<img decoding=\"async\" src=\"https:\/\/www.labatissedespres.com\/wp-content\/plugins\/elementor\/assets\/images\/placeholder.png\" title=\"\" alt=\"\" loading=\"lazy\" \/>\t\t\t\t\t\t\t\t\t\t\t\t\t\t\t<\/div>\n\t\t\t\t<\/div>\n\t\t<div class=\"elementor-element elementor-element-345309b1 e-con-full e-flex e-con e-child\" data-id=\"345309b1\" data-element_type=\"container\">\n\t\t\t\t<div class=\"elementor-element elementor-element-446e5509 elementor-widget elementor-widget-text-editor\" data-id=\"446e5509\" data-element_type=\"widget\" data-widget_type=\"text-editor.default\">\n\t\t\t\t\t\t\t\t\t<h2 data-start=\"263\" data-end=\"292\">\u00a0<\/h2><ol data-start=\"294\" data-end=\"1010\"><li data-start=\"294\" data-end=\"477\"><p data-start=\"297\" data-end=\"477\"><strong data-start=\"297\" data-end=\"310\">Ski alpin<\/strong> : le domaine compte environ 35 pistes (vertes \u00e0 noires), avec du d\u00e9nivel\u00e9 (plus de 1 500 m de d\u00e9nivel\u00e9) et un bon enneigement.\u00a0<\/p><\/li><li data-start=\"478\" data-end=\"599\"><p data-start=\"481\" data-end=\"599\"><strong data-start=\"481\" data-end=\"507\">Ski de fond \/ nordique<\/strong> : Environ 25km de pistes dam\u00e9es, plusieurs itin\u00e9raires disponibles.<\/p><\/li><li data-start=\"600\" data-end=\"710\"><p data-start=\"603\" data-end=\"710\"><strong data-start=\"603\" data-end=\"623\">Ski de randonn\u00e9e<\/strong> : pour les amateurs, avec itin\u00e9raires balis\u00e9s.<\/p><\/li><li data-start=\"711\" data-end=\"863\"><p data-start=\"714\" data-end=\"863\"><strong data-start=\"714\" data-end=\"746\">Raquettes &amp; balade hivernale<\/strong> : sentiers balis\u00e9s pour d\u00e9couvrir la nature enneig\u00e9e \u00e0 pied ou en raquettes.\u00a0<\/p><\/li><li data-start=\"864\" data-end=\"1010\"><p data-start=\"867\" data-end=\"1010\"><strong data-start=\"867\" data-end=\"889\">Fat-bike sur neige<\/strong> : VTT \u00e0 pneus larges sur neige (avec assistance \u00e9lectrique parfois) accompagn\u00e9e.<\/p><\/li><\/ol>\t\t\t\t\t\t\t\t<\/div>\n\t\t\t\t<\/div>\n\t\t\t\t\t<\/div>\n\t\t\t\t<\/div>\n\t\t<div class=\"elementor-element elementor-element-4b708cad e-flex e-con-boxed e-con e-parent\" data-id=\"4b708cad\" data-element_type=\"container\">\n\t\t\t\t\t<div class=\"e-con-inner\">\n\t\t\t\t<div class=\"elementor-element elementor-element-4b2aa7b8 elementor-widget elementor-widget-heading\" data-id=\"4b2aa7b8\" data-element_type=\"widget\" data-widget_type=\"heading.default\">\n\t\t\t\t\t<h2 class=\"elementor-heading-title elementor-size-default\">Bien-\u00eatre, nature et d\u00e9tente<\/h2>\t\t\t\t<\/div>\n\t\t\t\t\t<\/div>\n\t\t\t\t<\/div>\n\t\t<div class=\"elementor-element elementor-element-6f3d9854 e-flex e-con-boxed e-con e-parent\" data-id=\"6f3d9854\" data-element_type=\"container\" data-settings=\"{&quot;background_background&quot;:&quot;classic&quot;}\">\n\t\t\t\t\t<div class=\"e-con-inner\">\n\t\t<div class=\"elementor-element elementor-element-44c1015f e-con-full e-flex e-con e-child\" data-id=\"44c1015f\" data-element_type=\"container\">\n\t\t\t\t<div class=\"elementor-element elementor-element-a370e84 elementor-widget elementor-widget-text-editor\" data-id=\"a370e84\" data-element_type=\"widget\" data-widget_type=\"text-editor.default\">\n\t\t\t\t\t\t\t\t\t<ol><li><strong data-start=\"1055\" data-end=\"1084\">Randos hivernales guid\u00e9es<\/strong> : accompagn\u00e9s pour votre s\u00e9curit\u00e9, d\u00e9couvrir le massif des \u00c9crins sous un autre jour.\u00a0<\/li><\/ol><p data-start=\"1208\" data-end=\"1328\"><strong data-start=\"1208\" data-end=\"1241\">\u00a0 \u00a02. Balades en chiens de tra\u00eeneau<\/strong> : moment magique, \u00e0 partager en famille.\u00a0<\/p><p data-start=\"1332\" data-end=\"1452\"><strong data-start=\"1332\" data-end=\"1346\">\u00a0 \u00a03. <\/strong><strong data-start=\"1332\" data-end=\"1346\">Rando-luge<\/strong> : combiner mont\u00e9e et descente en luge (3,5 km de descente).\u00a0<\/p><p data-start=\"1456\" data-end=\"1540\"><strong data-start=\"1456\" data-end=\"1471\">\u00a0 \u00a04. Snake gliss<\/strong> : glisse collective ludique.\u00a0<\/p><p data-start=\"1544\" data-end=\"1676\"><strong data-start=\"1544\" data-end=\"1579\">\u00a0 \u00a05.Cascade de glace \/ Ice climbing<\/strong> : pour les amateurs d\u2019escalade en conditions hivernales.<\/p>\t\t\t\t\t\t\t\t<\/div>\n\t\t\t\t<\/div>\n\t\t<div class=\"elementor-element elementor-element-66a233d4 e-con-full e-flex e-con e-child\" data-id=\"66a233d4\" data-element_type=\"container\" data-settings=\"{&quot;background_background&quot;:&quot;classic&quot;}\">\n\t\t\t\t<div class=\"elementor-element elementor-element-b1d469 elementor-widget elementor-widget-image\" data-id=\"b1d469\" data-element_type=\"widget\" data-widget_type=\"image.default\">\n\t\t\t\t\t\t\t\t\t\t\t\t\t\t\t<img decoding=\"async\" src=\"https:\/\/www.labatissedespres.com\/wp-content\/plugins\/elementor\/assets\/images\/placeholder.png\" title=\"\" alt=\"\" loading=\"lazy\" \/>\t\t\t\t\t\t\t\t\t\t\t\t\t\t\t<\/div>\n\t\t\t\t<\/div>\n\t\t<div class=\"elementor-element elementor-element-159bccc1 e-con-full e-flex e-con e-child\" data-id=\"159bccc1\" data-element_type=\"container\">\n\t\t\t\t<div class=\"elementor-element elementor-element-3c95ef17 elementor-widget elementor-widget-image\" data-id=\"3c95ef17\" data-element_type=\"widget\" data-widget_type=\"image.default\">\n\t\t\t\t\t\t\t\t\t\t\t\t\t\t\t<img decoding=\"async\" src=\"https:\/\/www.labatissedespres.com\/wp-content\/plugins\/elementor\/assets\/images\/placeholder.png\" title=\"\" alt=\"\" loading=\"lazy\" \/>\t\t\t\t\t\t\t\t\t\t\t\t\t\t\t<\/div>\n\t\t\t\t<\/div>\n\t\t<div class=\"elementor-element elementor-element-d858832 e-con-full e-flex e-con e-child\" data-id=\"d858832\" data-element_type=\"container\">\n\t\t\t\t<div class=\"elementor-element elementor-element-7d6be7d5 elementor-widget elementor-widget-image\" data-id=\"7d6be7d5\" data-element_type=\"widget\" data-widget_type=\"image.default\">\n\t\t\t\t\t\t\t\t\t\t\t\t\t\t\t<img decoding=\"async\" src=\"https:\/\/www.labatissedespres.com\/wp-content\/plugins\/elementor\/assets\/images\/placeholder.png\" title=\"\" alt=\"\" loading=\"lazy\" \/>\t\t\t\t\t\t\t\t\t\t\t\t\t\t\t<\/div>\n\t\t\t\t<\/div>\n\t\t<div class=\"elementor-element elementor-element-3720ade4 e-con-full e-flex e-con e-child\" data-id=\"3720ade4\" data-element_type=\"container\">\n\t\t\t\t<div class=\"elementor-element elementor-element-4dacf7c2 elementor-widget elementor-widget-image\" data-id=\"4dacf7c2\" data-element_type=\"widget\" data-widget_type=\"image.default\">\n\t\t\t\t\t\t\t\t\t\t\t\t\t\t\t<img decoding=\"async\" src=\"https:\/\/www.labatissedespres.com\/wp-content\/plugins\/elementor\/assets\/images\/placeholder.png\" title=\"\" alt=\"\" loading=\"lazy\" \/>\t\t\t\t\t\t\t\t\t\t\t\t\t\t\t<\/div>\n\t\t\t\t<\/div>\n\t\t\t\t\t<\/div>\n\t\t\t\t<\/div>\n\t\t\t\t<\/div>\n\t\t","protected":false},"excerpt":{"rendered":"<p>Les bons plans, c&rsquo;est ici!! Entre deux descentes et trois randos, on a d\u00e9nich\u00e9 les bons plans qui font plaisir : la raclette qui fond plus vite que la neige au soleil, la terrasse secr\u00e8te o\u00f9 le caf\u00e9 co\u00fbte moins cher qu\u2019un forfait, et la rando qui monte (presque) toute seule. Bref, tout ce qu\u2019il [&hellip;]<\/p>\n","protected":false},"author":1,"featured_media":0,"parent":0,"menu_order":0,"comment_status":"closed","ping_status":"closed","template":"","meta":{"footnotes":""},"class_list":["post-641","page","type-page","status-publish","hentry"],"_links":{"self":[{"href":"https:\/\/www.labatissedespres.com\/index.php\/wp-json\/wp\/v2\/pages\/641","targetHints":{"allow":["GET"]}}],"collection":[{"href":"https:\/\/www.labatissedespres.com\/index.php\/wp-json\/wp\/v2\/pages"}],"about":[{"href":"https:\/\/www.labatissedespres.com\/index.php\/wp-json\/wp\/v2\/types\/page"}],"author":[{"embeddable":true,"href":"https:\/\/www.labatissedespres.com\/index.php\/wp-json\/wp\/v2\/users\/1"}],"replies":[{"embeddable":true,"href":"https:\/\/www.labatissedespres.com\/index.php\/wp-json\/wp\/v2\/comments?post=641"}],"version-history":[{"count":34,"href":"https:\/\/www.labatissedespres.com\/index.php\/wp-json\/wp\/v2\/pages\/641\/revisions"}],"predecessor-version":[{"id":1470,"href":"https:\/\/www.labatissedespres.com\/index.php\/wp-json\/wp\/v2\/pages\/641\/revisions\/1470"}],"wp:attachment":[{"href":"https:\/\/www.labatissedespres.com\/index.php\/wp-json\/wp\/v2\/media?parent=641"}],"curies":[{"name":"wp","href":"https:\/\/api.w.org\/{rel}","templated":true}]}}