{"id":637,"date":"2025-10-12T09:19:50","date_gmt":"2025-10-12T09:19:50","guid":{"rendered":"https:\/\/www.labatissedespres.com\/?page_id=637"},"modified":"2025-11-09T14:13:55","modified_gmt":"2025-11-09T14:13:55","slug":"en-ete","status":"publish","type":"page","link":"https:\/\/www.labatissedespres.com\/index.php\/en-ete\/","title":{"rendered":"En \u00e9t\u00e9"},"content":{"rendered":"\t\t<div data-elementor-type=\"wp-page\" data-elementor-id=\"637\" class=\"elementor elementor-637\">\n\t\t\t\t<div class=\"elementor-element elementor-element-1e11e7dc e-con-full e-flex e-con e-parent\" data-id=\"1e11e7dc\" data-element_type=\"container\">\n\t\t\t\t<div class=\"elementor-element elementor-element-356d5e55 elementor-widget__width-inherit elementor-widget elementor-widget-image\" data-id=\"356d5e55\" data-element_type=\"widget\" data-widget_type=\"image.default\">\n\t\t\t\t\t\t\t\t\t\t\t\t\t\t\t<img decoding=\"async\" src=\"https:\/\/www.labatissedespres.com\/wp-content\/uploads\/2025\/11\/rando-v3.jpg\" title=\"rando v3\" alt=\"rando v3\" loading=\"lazy\" \/>\t\t\t\t\t\t\t\t\t\t\t\t\t\t\t<\/div>\n\t\t\t\t<\/div>\n\t\t<div class=\"elementor-element elementor-element-786a3cb5 e-con-full e-flex e-con e-parent\" data-id=\"786a3cb5\" data-element_type=\"container\">\n\t\t\t\t<div class=\"elementor-element elementor-element-487dd56 elementor-widget__width-inherit elementor-widget elementor-widget-heading\" data-id=\"487dd56\" data-element_type=\"widget\" data-widget_type=\"heading.default\">\n\t\t\t\t\t<h2 class=\"elementor-heading-title elementor-size-default\">Activit\u00e9s <\/h2>\t\t\t\t<\/div>\n\t\t\t\t<\/div>\n\t\t<div class=\"elementor-element elementor-element-1fbd6620 e-con-full e-flex e-con e-parent\" data-id=\"1fbd6620\" data-element_type=\"container\">\n\t\t\t\t<div class=\"elementor-element elementor-element-64f771bd elementor-widget__width-inherit elementor-widget elementor-widget-text-editor\" data-id=\"64f771bd\" data-element_type=\"widget\" data-widget_type=\"text-editor.default\">\n\t\t\t\t\t\t\t\t\t<p>En \u00e9t\u00e9, <strong data-start=\"8\" data-end=\"29\">Puy-Saint-Vincent<\/strong> se transforme en un v\u00e9ritable terrain de jeu alpin. Entre <strong data-start=\"88\" data-end=\"124\">aventures et sports de plein air <\/strong>comme le VTT ou la via ferrata \u00a0<strong data-start=\"171\" data-end=\"195\">randonn\u00e9es et nature<\/strong> au c\u0153ur du parc national des \u00c9crins, et <strong data-start=\"236\" data-end=\"258\">moments de d\u00e9tente<\/strong> en famille et amis en terrasse face aux sommets, la station offre un \u00e9quilibre parfait entre sensations, \u00e9vasion et relaxation. Id\u00e9al pour profiter de la montagne sous le soleil des Hautes-Alpes.<\/p>\t\t\t\t\t\t\t\t<\/div>\n\t\t\t\t<\/div>\n\t\t<div class=\"elementor-element elementor-element-4c50ea78 e-flex e-con-boxed e-con e-parent\" data-id=\"4c50ea78\" data-element_type=\"container\">\n\t\t\t\t\t<div class=\"e-con-inner\">\n\t\t\t\t<div class=\"elementor-element elementor-element-35733343 elementor-widget elementor-widget-heading\" data-id=\"35733343\" data-element_type=\"widget\" data-widget_type=\"heading.default\">\n\t\t\t\t\t<h2 class=\"elementor-heading-title elementor-size-default\">Aventures &amp; sports plein air<\/h2>\t\t\t\t<\/div>\n\t\t\t\t\t<\/div>\n\t\t\t\t<\/div>\n\t\t<div class=\"elementor-element elementor-element-730e5f44 e-flex e-con-boxed e-con e-parent\" data-id=\"730e5f44\" data-element_type=\"container\">\n\t\t\t\t\t<div class=\"e-con-inner\">\n\t\t<div class=\"elementor-element elementor-element-55b85da4 e-con-full e-flex e-con e-child\" data-id=\"55b85da4\" data-element_type=\"container\">\n\t\t\t\t<div class=\"elementor-element elementor-element-3450b024 elementor-widget elementor-widget-image\" data-id=\"3450b024\" data-element_type=\"widget\" data-widget_type=\"image.default\">\n\t\t\t\t\t\t\t\t\t\t\t\t\t\t\t<img decoding=\"async\" src=\"https:\/\/www.labatissedespres.com\/wp-content\/uploads\/2025\/11\/bike-park-v2.jpg\" title=\"-bike-park v2\" alt=\"-bike-park v2\" loading=\"lazy\" \/>\t\t\t\t\t\t\t\t\t\t\t\t\t\t\t<\/div>\n\t\t\t\t<\/div>\n\t\t<div class=\"elementor-element elementor-element-3f77e119 e-con-full e-flex e-con e-child\" data-id=\"3f77e119\" data-element_type=\"container\">\n\t\t\t\t<div class=\"elementor-element elementor-element-3f0106ec elementor-widget elementor-widget-image\" data-id=\"3f0106ec\" data-element_type=\"widget\" data-widget_type=\"image.default\">\n\t\t\t\t\t\t\t\t\t\t\t\t\t\t\t<img decoding=\"async\" src=\"https:\/\/www.labatissedespres.com\/wp-content\/uploads\/2025\/11\/via-ferrata-v2.jpg\" title=\"via ferrata v2\" alt=\"via ferrata v2\" loading=\"lazy\" \/>\t\t\t\t\t\t\t\t\t\t\t\t\t\t\t<\/div>\n\t\t\t\t<\/div>\n\t\t<div class=\"elementor-element elementor-element-65eb4b71 e-con-full e-flex e-con e-child\" data-id=\"65eb4b71\" data-element_type=\"container\">\n\t\t\t\t<div class=\"elementor-element elementor-element-513478f5 elementor-widget elementor-widget-image\" data-id=\"513478f5\" data-element_type=\"widget\" data-widget_type=\"image.default\">\n\t\t\t\t\t\t\t\t\t\t\t\t\t\t\t<img decoding=\"async\" src=\"https:\/\/www.labatissedespres.com\/wp-content\/uploads\/2025\/11\/Parapente-V2.jpg\" title=\"Parapente V2\" alt=\"Parapente V2\" loading=\"lazy\" \/>\t\t\t\t\t\t\t\t\t\t\t\t\t\t\t<\/div>\n\t\t\t\t<\/div>\n\t\t<div class=\"elementor-element elementor-element-6b7311bf e-con-full e-flex e-con e-child\" data-id=\"6b7311bf\" data-element_type=\"container\">\n\t\t\t\t<div class=\"elementor-element elementor-element-59478908 elementor-widget elementor-widget-image\" data-id=\"59478908\" data-element_type=\"widget\" data-widget_type=\"image.default\">\n\t\t\t\t\t\t\t\t\t\t\t\t\t\t\t<img decoding=\"async\" src=\"https:\/\/www.labatissedespres.com\/wp-content\/uploads\/2025\/11\/Luge-d-ete-V2.jpg\" title=\"Luge-d \u00e9t\u00e9 V2\" alt=\"Luge-d \u00e9t\u00e9 V2\" loading=\"lazy\" \/>\t\t\t\t\t\t\t\t\t\t\t\t\t\t\t<\/div>\n\t\t\t\t<\/div>\n\t\t<div class=\"elementor-element elementor-element-267b995 e-con-full e-flex e-con e-child\" data-id=\"267b995\" data-element_type=\"container\">\n\t\t\t\t<div class=\"elementor-element elementor-element-292c6998 elementor-widget elementor-widget-text-editor\" data-id=\"292c6998\" data-element_type=\"widget\" data-widget_type=\"text-editor.default\">\n\t\t\t\t\t\t\t\t\t<p data-start=\"238\" data-end=\"264\">\u00a0<\/p><ul data-start=\"265\" data-end=\"703\"><li data-start=\"265\" data-end=\"358\"><p data-start=\"267\" data-end=\"358\">Le bike-park avec descentes VTT con\u00e7ues pour l\u2019\u00e9t\u00e9.<\/p><\/li><li data-start=\"265\" data-end=\"358\"><p data-start=\"267\" data-end=\"358\">Via ferrata, escalade ou accrobranche pour les amateurs.<\/p><\/li><li data-start=\"469\" data-end=\"703\"><p data-start=\"471\" data-end=\"703\">Parapente \/ vol biplace au-dessus de la vall\u00e9e pour les vues spectaculaires. <br data-start=\"585\" data-end=\"588\" \/>Sensations fortes, hauteur et panorama \u00e0 couper le souffle.<\/p><\/li><li data-start=\"469\" data-end=\"703\">Luge d&rsquo;\u00e9t\u00e9, d\u00e9couvrez la glisse d&rsquo;une autre fa\u00e7on en \u00e9t\u00e9<\/li><\/ul>\t\t\t\t\t\t\t\t<\/div>\n\t\t\t\t<\/div>\n\t\t\t\t\t<\/div>\n\t\t\t\t<\/div>\n\t\t<div class=\"elementor-element elementor-element-45107921 e-flex e-con-boxed e-con e-parent\" data-id=\"45107921\" data-element_type=\"container\">\n\t\t\t\t\t<div class=\"e-con-inner\">\n\t\t\t\t<div class=\"elementor-element elementor-element-75fafa5 elementor-widget elementor-widget-heading\" data-id=\"75fafa5\" data-element_type=\"widget\" data-widget_type=\"heading.default\">\n\t\t\t\t\t<h2 class=\"elementor-heading-title elementor-size-default\">Randonn\u00e9es, nature &amp; d\u00e9couvertes<\/h2>\t\t\t\t<\/div>\n\t\t\t\t\t<\/div>\n\t\t\t\t<\/div>\n\t\t<div class=\"elementor-element elementor-element-7c094d5b e-flex e-con-boxed e-con e-parent\" data-id=\"7c094d5b\" data-element_type=\"container\" data-settings=\"{&quot;background_background&quot;:&quot;classic&quot;}\">\n\t\t\t\t\t<div class=\"e-con-inner\">\n\t\t<div class=\"elementor-element elementor-element-6c77eec2 e-con-full e-flex e-con e-child\" data-id=\"6c77eec2\" data-element_type=\"container\">\n\t\t\t\t<div class=\"elementor-element elementor-element-2a4e60de elementor-widget elementor-widget-text-editor\" data-id=\"2a4e60de\" data-element_type=\"widget\" data-widget_type=\"text-editor.default\">\n\t\t\t\t\t\t\t\t\t<ul><li>Sentiers de randonn\u00e9e pour tous niveaux, acc\u00e8s aux panoramas du Parc national des \u00c9crins.<\/li><li>\u00a0Balades familiales dans la for\u00eat, observation de la nature, patrimoine local.<\/li><li>Escapades douces ou plus engag\u00e9es selon vos envies. Reconnectez-vous \u00e0 la nature alpine, entre for\u00eats, torrents et sommets.\u00a0<\/li><\/ul>\t\t\t\t\t\t\t\t<\/div>\n\t\t\t\t<\/div>\n\t\t<div class=\"elementor-element elementor-element-62a4fdfc e-con-full e-flex e-con e-child\" data-id=\"62a4fdfc\" data-element_type=\"container\" data-settings=\"{&quot;background_background&quot;:&quot;classic&quot;}\">\n\t\t\t\t<div class=\"elementor-element elementor-element-45db39c7 elementor-widget elementor-widget-image\" data-id=\"45db39c7\" data-element_type=\"widget\" data-widget_type=\"image.default\">\n\t\t\t\t\t\t\t\t\t\t\t\t\t\t\t<img decoding=\"async\" src=\"https:\/\/www.labatissedespres.com\/wp-content\/uploads\/2025\/11\/parc-des-ecrins-V2.jpg\" title=\"parc des ecrins V2\" alt=\"parc des ecrins V2\" loading=\"lazy\" \/>\t\t\t\t\t\t\t\t\t\t\t\t\t\t\t<\/div>\n\t\t\t\t<\/div>\n\t\t<div class=\"elementor-element elementor-element-1186638d e-con-full e-flex e-con e-child\" data-id=\"1186638d\" data-element_type=\"container\">\n\t\t\t\t<div class=\"elementor-element elementor-element-5edb01a7 elementor-widget elementor-widget-image\" data-id=\"5edb01a7\" data-element_type=\"widget\" data-widget_type=\"image.default\">\n\t\t\t\t\t\t\t\t\t\t\t\t\t\t\t<img decoding=\"async\" src=\"https:\/\/www.labatissedespres.com\/wp-content\/uploads\/2025\/11\/rando-ete-V2.jpg\" title=\"rando \u00e9t\u00e9 V2\" alt=\"rando \u00e9t\u00e9 V2\" loading=\"lazy\" \/>\t\t\t\t\t\t\t\t\t\t\t\t\t\t\t<\/div>\n\t\t\t\t<\/div>\n\t\t<div class=\"elementor-element elementor-element-102dfaf3 e-con-full e-flex e-con e-child\" data-id=\"102dfaf3\" data-element_type=\"container\">\n\t\t\t\t<div class=\"elementor-element elementor-element-681e0b7f elementor-widget elementor-widget-image\" data-id=\"681e0b7f\" data-element_type=\"widget\" data-widget_type=\"image.default\">\n\t\t\t\t\t\t\t\t\t\t\t\t\t\t\t<img decoding=\"async\" src=\"https:\/\/www.labatissedespres.com\/wp-content\/uploads\/2025\/11\/vue-parc-des-ecrins-V2.jpg\" title=\"vue parc des ecrins V2\" alt=\"vue parc des ecrins V2\" loading=\"lazy\" \/>\t\t\t\t\t\t\t\t\t\t\t\t\t\t\t<\/div>\n\t\t\t\t<\/div>\n\t\t<div class=\"elementor-element elementor-element-59da82ed e-con-full e-flex e-con e-child\" data-id=\"59da82ed\" data-element_type=\"container\">\n\t\t\t\t<div class=\"elementor-element elementor-element-a15f02b elementor-widget elementor-widget-image\" data-id=\"a15f02b\" data-element_type=\"widget\" data-widget_type=\"image.default\">\n\t\t\t\t\t\t\t\t\t\t\t\t\t\t\t<img decoding=\"async\" src=\"https:\/\/www.labatissedespres.com\/wp-content\/uploads\/2025\/11\/balade-foret-v2.jpg\" title=\"balade for\u00eat v2\" alt=\"balade for\u00eat v2\" loading=\"lazy\" \/>\t\t\t\t\t\t\t\t\t\t\t\t\t\t\t<\/div>\n\t\t\t\t<\/div>\n\t\t\t\t\t<\/div>\n\t\t\t\t<\/div>\n\t\t<div class=\"elementor-element elementor-element-45b33ec2 e-flex e-con-boxed e-con e-parent\" data-id=\"45b33ec2\" data-element_type=\"container\">\n\t\t\t\t\t<div class=\"e-con-inner\">\n\t\t\t\t<div class=\"elementor-element elementor-element-6a8239d2 elementor-widget elementor-widget-heading\" data-id=\"6a8239d2\" data-element_type=\"widget\" data-widget_type=\"heading.default\">\n\t\t\t\t\t<h2 class=\"elementor-heading-title elementor-size-default\">D\u00e9tente &amp; moments partag\u00e9s<\/h2>\t\t\t\t<\/div>\n\t\t\t\t\t<\/div>\n\t\t\t\t<\/div>\n\t\t<div class=\"elementor-element elementor-element-12291ebd e-flex e-con-boxed e-con e-parent\" data-id=\"12291ebd\" data-element_type=\"container\">\n\t\t\t\t\t<div class=\"e-con-inner\">\n\t\t<div class=\"elementor-element elementor-element-db512dd e-con-full e-flex e-con e-child\" data-id=\"db512dd\" data-element_type=\"container\">\n\t\t\t\t<div class=\"elementor-element elementor-element-30a03a5c elementor-widget elementor-widget-image\" data-id=\"30a03a5c\" data-element_type=\"widget\" data-widget_type=\"image.default\">\n\t\t\t\t\t\t\t\t\t\t\t\t\t\t\t<img decoding=\"async\" src=\"https:\/\/www.labatissedespres.com\/wp-content\/uploads\/2025\/11\/aire-de-jeux-V2.jpg\" title=\"aire de jeux V2\" alt=\"aire de jeux V2\" loading=\"lazy\" \/>\t\t\t\t\t\t\t\t\t\t\t\t\t\t\t<\/div>\n\t\t\t\t<\/div>\n\t\t<div class=\"elementor-element elementor-element-7238bd68 e-con-full e-flex e-con e-child\" data-id=\"7238bd68\" data-element_type=\"container\">\n\t\t\t\t<div class=\"elementor-element elementor-element-32877880 elementor-widget elementor-widget-text-editor\" data-id=\"32877880\" data-element_type=\"widget\" data-widget_type=\"text-editor.default\">\n\t\t\t\t\t\t\t\t\t<p data-start=\"1319\" data-end=\"1345\">\u00a0<\/p><ul data-start=\"1346\" data-end=\"1704\"><li data-start=\"1346\" data-end=\"1417\"><p data-start=\"1348\" data-end=\"1417\">Moments calmes : terrasse ensoleill\u00e9e, spa ou repos apr\u00e8s l\u2019effort.<\/p><\/li><li data-start=\"1418\" data-end=\"1538\"><p data-start=\"1420\" data-end=\"1538\">Activit\u00e9s familiales : aires de jeux, parcours ludiques, animations enfants.\u00a0<\/p><\/li><li data-start=\"1539\" data-end=\"1704\"><p data-start=\"1541\" data-end=\"1704\">D\u00e9couvrir la station autrement, profiter de la vue, du temps libre. Respirez, partagez, profitez simplement de l\u2019instant entre amis ou en famille \u00e0 la montagne.\u00a0<\/p><\/li><\/ul>\t\t\t\t\t\t\t\t<\/div>\n\t\t\t\t<\/div>\n\t\t<div class=\"elementor-element elementor-element-32f0a148 e-con-full e-flex e-con e-child\" data-id=\"32f0a148\" data-element_type=\"container\">\n\t\t\t\t<div class=\"elementor-element elementor-element-72a766aa elementor-widget elementor-widget-image\" data-id=\"72a766aa\" data-element_type=\"widget\" data-widget_type=\"image.default\">\n\t\t\t\t\t\t\t\t\t\t\t\t\t\t\t<img decoding=\"async\" src=\"https:\/\/www.labatissedespres.com\/wp-content\/uploads\/2025\/11\/terrasse-vue-v2.jpg\" title=\"terrasse vue v2\" alt=\"terrasse vue v2\" loading=\"lazy\" \/>\t\t\t\t\t\t\t\t\t\t\t\t\t\t\t<\/div>\n\t\t\t\t<\/div>\n\t\t<div class=\"elementor-element elementor-element-5b4347ef e-con-full e-flex e-con e-child\" data-id=\"5b4347ef\" data-element_type=\"container\">\n\t\t\t\t<div class=\"elementor-element elementor-element-456cedc8 elementor-widget elementor-widget-image\" data-id=\"456cedc8\" data-element_type=\"widget\" data-widget_type=\"image.default\">\n\t\t\t\t\t\t\t\t\t\t\t\t\t\t\t<img decoding=\"async\" src=\"https:\/\/www.labatissedespres.com\/wp-content\/uploads\/2025\/11\/petit-train-v2.jpg\" title=\"petit train v2\" alt=\"petit train v2\" loading=\"lazy\" \/>\t\t\t\t\t\t\t\t\t\t\t\t\t\t\t<\/div>\n\t\t\t\t<\/div>\n\t\t\t\t\t<\/div>\n\t\t\t\t<\/div>\n\t\t\t\t<\/div>\n\t\t","protected":false},"excerpt":{"rendered":"<p>Activit\u00e9s En \u00e9t\u00e9, Puy-Saint-Vincent se transforme en un v\u00e9ritable terrain de jeu alpin. Entre aventures et sports de plein air comme le VTT ou la via ferrata \u00a0randonn\u00e9es et nature au c\u0153ur du parc national des \u00c9crins, et moments de d\u00e9tente en famille et amis en terrasse face aux sommets, la station offre un \u00e9quilibre [&hellip;]<\/p>\n","protected":false},"author":1,"featured_media":0,"parent":0,"menu_order":0,"comment_status":"closed","ping_status":"closed","template":"","meta":{"footnotes":""},"class_list":["post-637","page","type-page","status-publish","hentry"],"_links":{"self":[{"href":"https:\/\/www.labatissedespres.com\/index.php\/wp-json\/wp\/v2\/pages\/637","targetHints":{"allow":["GET"]}}],"collection":[{"href":"https:\/\/www.labatissedespres.com\/index.php\/wp-json\/wp\/v2\/pages"}],"about":[{"href":"https:\/\/www.labatissedespres.com\/index.php\/wp-json\/wp\/v2\/types\/page"}],"author":[{"embeddable":true,"href":"https:\/\/www.labatissedespres.com\/index.php\/wp-json\/wp\/v2\/users\/1"}],"replies":[{"embeddable":true,"href":"https:\/\/www.labatissedespres.com\/index.php\/wp-json\/wp\/v2\/comments?post=637"}],"version-history":[{"count":85,"href":"https:\/\/www.labatissedespres.com\/index.php\/wp-json\/wp\/v2\/pages\/637\/revisions"}],"predecessor-version":[{"id":1482,"href":"https:\/\/www.labatissedespres.com\/index.php\/wp-json\/wp\/v2\/pages\/637\/revisions\/1482"}],"wp:attachment":[{"href":"https:\/\/www.labatissedespres.com\/index.php\/wp-json\/wp\/v2\/media?parent=637"}],"curies":[{"name":"wp","href":"https:\/\/api.w.org\/{rel}","templated":true}]}}