{"id":626,"date":"2025-10-12T09:11:54","date_gmt":"2025-10-12T09:11:54","guid":{"rendered":"https:\/\/www.labatissedespres.com\/?page_id=626"},"modified":"2025-10-15T23:18:13","modified_gmt":"2025-10-15T23:18:13","slug":"pelvoux","status":"publish","type":"page","link":"https:\/\/www.labatissedespres.com\/index.php\/pelvoux\/","title":{"rendered":"Pelvoux"},"content":{"rendered":"\t\t<div data-elementor-type=\"wp-page\" data-elementor-id=\"626\" class=\"elementor elementor-626\">\n\t\t\t\t<div class=\"elementor-element elementor-element-6184a31b e-con-full e-flex e-con e-parent\" data-id=\"6184a31b\" data-element_type=\"container\">\n\t\t\t\t<div class=\"elementor-element elementor-element-1984d746 elementor-widget__width-inherit elementor-widget elementor-widget-image\" data-id=\"1984d746\" data-element_type=\"widget\" data-widget_type=\"image.default\">\n\t\t\t\t\t\t\t\t\t\t\t\t\t\t\t<img decoding=\"async\" src=\"https:\/\/www.labatissedespres.com\/wp-content\/uploads\/2025\/10\/pdv-1600x800-1.jpg\" title=\"pdv 1600&#215;800\" alt=\"pdv 1600x800\" loading=\"lazy\" \/>\t\t\t\t\t\t\t\t\t\t\t\t\t\t\t<\/div>\n\t\t\t\t<\/div>\n\t\t<div class=\"elementor-element elementor-element-4c56e8aa e-flex e-con-boxed e-con e-parent\" data-id=\"4c56e8aa\" data-element_type=\"container\">\n\t\t\t\t\t<div class=\"e-con-inner\">\n\t\t\t\t<div class=\"elementor-element elementor-element-4acaa504 elementor-widget__width-inherit elementor-widget elementor-widget-heading\" data-id=\"4acaa504\" data-element_type=\"widget\" data-widget_type=\"heading.default\">\n\t\t\t\t\t<h2 class=\"elementor-heading-title elementor-size-default\">Pelvoux<\/h2>\t\t\t\t<\/div>\n\t\t\t\t\t<\/div>\n\t\t\t\t<\/div>\n\t\t<div class=\"elementor-element elementor-element-3ec5f23a e-flex e-con-boxed e-con e-parent\" data-id=\"3ec5f23a\" data-element_type=\"container\" data-settings=\"{&quot;background_background&quot;:&quot;classic&quot;}\">\n\t\t\t\t\t<div class=\"e-con-inner\">\n\t\t\t\t<div class=\"elementor-element elementor-element-4764da3e elementor-widget__width-initial elementor-widget elementor-widget-text-editor\" data-id=\"4764da3e\" data-element_type=\"widget\" data-widget_type=\"text-editor.default\">\n\t\t\t\t\t\t\t\t\t<h5>Son atmosph\u00e8re unique, ses teintes claires et reposante, l&rsquo;endroit id\u00e9al pour se ressourcer<\/h5>\t\t\t\t\t\t\t\t<\/div>\n\t\t\t\t\t<\/div>\n\t\t\t\t<\/div>\n\t\t<div class=\"elementor-element elementor-element-4faf1107 e-flex e-con-boxed e-con e-parent\" data-id=\"4faf1107\" data-element_type=\"container\">\n\t\t\t\t\t<div class=\"e-con-inner\">\n\t\t\t\t<div class=\"elementor-element elementor-element-33199147 elementor-widget__width-inherit elementor-widget elementor-widget-heading\" data-id=\"33199147\" data-element_type=\"widget\" data-widget_type=\"heading.default\">\n\t\t\t\t\t<h2 class=\"elementor-heading-title elementor-size-default\">Caract\u00e9ristiques de l'appartement<\/h2>\t\t\t\t<\/div>\n\t\t\t\t\t<\/div>\n\t\t\t\t<\/div>\n\t\t<div class=\"elementor-element elementor-element-42f871a4 e-flex e-con-boxed e-con e-parent\" data-id=\"42f871a4\" data-element_type=\"container\">\n\t\t\t\t\t<div class=\"e-con-inner\">\n\t\t<div class=\"elementor-element elementor-element-3620d82d e-con-full e-flex e-con e-child\" data-id=\"3620d82d\" data-element_type=\"container\">\n\t\t\t\t<div class=\"elementor-element elementor-element-30879dc5 elementor-widget elementor-widget-image\" data-id=\"30879dc5\" data-element_type=\"widget\" data-widget_type=\"image.default\">\n\t\t\t\t\t\t\t\t\t\t\t\t\t\t\t<img fetchpriority=\"high\" decoding=\"async\" width=\"768\" height=\"576\" src=\"https:\/\/www.labatissedespres.com\/wp-content\/uploads\/2025\/10\/LB-chambre-2-new-site-768x576.jpg\" class=\"attachment-medium_large size-medium_large wp-image-779\" alt=\"\" srcset=\"https:\/\/www.labatissedespres.com\/wp-content\/uploads\/2025\/10\/LB-chambre-2-new-site-768x576.jpg 768w, https:\/\/www.labatissedespres.com\/wp-content\/uploads\/2025\/10\/LB-chambre-2-new-site-300x225.jpg 300w, https:\/\/www.labatissedespres.com\/wp-content\/uploads\/2025\/10\/LB-chambre-2-new-site-1024x768.jpg 1024w, https:\/\/www.labatissedespres.com\/wp-content\/uploads\/2025\/10\/LB-chambre-2-new-site.jpg 1312w\" sizes=\"(max-width: 768px) 100vw, 768px\" \/>\t\t\t\t\t\t\t\t\t\t\t\t\t\t\t<\/div>\n\t\t\t\t<\/div>\n\t\t<div class=\"elementor-element elementor-element-abe6314 e-con-full e-flex e-con e-child\" data-id=\"abe6314\" data-element_type=\"container\">\n\t\t\t\t<div class=\"elementor-element elementor-element-8a7baf elementor-widget elementor-widget-text-editor\" data-id=\"8a7baf\" data-element_type=\"widget\" data-widget_type=\"text-editor.default\">\n\t\t\t\t\t\t\t\t\t<p>Lorem ipsum dolor sit amet, consectetur adipiscing elit. Ut elit tellus, luctus nec ullamcorper mattis, pulvinar dapibus leo.<\/p>\t\t\t\t\t\t\t\t<\/div>\n\t\t\t\t<\/div>\n\t\t\t\t\t<\/div>\n\t\t\t\t<\/div>\n\t\t<div class=\"elementor-element elementor-element-4a0100ea e-flex e-con-boxed e-con e-parent\" data-id=\"4a0100ea\" data-element_type=\"container\">\n\t\t\t\t\t<div class=\"e-con-inner\">\n\t\t\t\t<div class=\"elementor-element elementor-element-1928ca86 elementor-widget__width-inherit elementor-widget elementor-widget-heading\" data-id=\"1928ca86\" data-element_type=\"widget\" data-widget_type=\"heading.default\">\n\t\t\t\t\t<h2 class=\"elementor-heading-title elementor-size-default\">Equipements de l'appartement<\/h2>\t\t\t\t<\/div>\n\t\t\t\t\t<\/div>\n\t\t\t\t<\/div>\n\t\t<div class=\"elementor-element elementor-element-546807bb e-flex e-con-boxed e-con e-parent\" data-id=\"546807bb\" data-element_type=\"container\" data-settings=\"{&quot;background_background&quot;:&quot;classic&quot;}\">\n\t\t\t\t\t<div class=\"e-con-inner\">\n\t\t<div class=\"elementor-element elementor-element-26db2ede e-con-full e-flex e-con e-child\" data-id=\"26db2ede\" data-element_type=\"container\">\n\t\t\t\t<div class=\"elementor-element elementor-element-78c8225d elementor-widget elementor-widget-text-editor\" data-id=\"78c8225d\" data-element_type=\"widget\" data-widget_type=\"text-editor.default\">\n\t\t\t\t\t\t\t\t\t<p>Lorem ipsum dolor sit amet, consectetur adipiscing elit. Ut elit tellus, luctus nec ullamcorper mattis, pulvinar dapibus leo.<\/p>\t\t\t\t\t\t\t\t<\/div>\n\t\t\t\t<\/div>\n\t\t<div class=\"elementor-element elementor-element-7ce4faa3 e-con-full e-flex e-con e-child\" data-id=\"7ce4faa3\" data-element_type=\"container\">\n\t\t\t\t<div class=\"elementor-element elementor-element-76d4c2d2 elementor-widget elementor-widget-image\" data-id=\"76d4c2d2\" data-element_type=\"widget\" data-widget_type=\"image.default\">\n\t\t\t\t\t\t\t\t\t\t\t\t\t\t\t<img decoding=\"async\" width=\"800\" height=\"600\" src=\"https:\/\/www.labatissedespres.com\/wp-content\/uploads\/2025\/10\/cuisine-2-new-site-1024x768.jpg\" class=\"attachment-large size-large wp-image-780\" alt=\"\" srcset=\"https:\/\/www.labatissedespres.com\/wp-content\/uploads\/2025\/10\/cuisine-2-new-site-1024x768.jpg 1024w, https:\/\/www.labatissedespres.com\/wp-content\/uploads\/2025\/10\/cuisine-2-new-site-300x225.jpg 300w, https:\/\/www.labatissedespres.com\/wp-content\/uploads\/2025\/10\/cuisine-2-new-site-768x576.jpg 768w, https:\/\/www.labatissedespres.com\/wp-content\/uploads\/2025\/10\/cuisine-2-new-site.jpg 1312w\" sizes=\"(max-width: 800px) 100vw, 800px\" \/>\t\t\t\t\t\t\t\t\t\t\t\t\t\t\t<\/div>\n\t\t\t\t<\/div>\n\t\t\t\t\t<\/div>\n\t\t\t\t<\/div>\n\t\t<div class=\"elementor-element elementor-element-2aceb069 e-flex e-con-boxed e-con e-parent\" data-id=\"2aceb069\" data-element_type=\"container\">\n\t\t\t\t\t<div class=\"e-con-inner\">\n\t\t\t\t<div class=\"elementor-element elementor-element-276432a6 elementor-widget elementor-widget-heading\" data-id=\"276432a6\" data-element_type=\"widget\" data-widget_type=\"heading.default\">\n\t\t\t\t\t<h2 class=\"elementor-heading-title elementor-size-default\">Galerie photos<\/h2>\t\t\t\t<\/div>\n\t\t\t\t\t<\/div>\n\t\t\t\t<\/div>\n\t\t<div class=\"elementor-element elementor-element-73f5d8e e-flex e-con-boxed e-con e-parent\" data-id=\"73f5d8e\" data-element_type=\"container\">\n\t\t\t\t\t<div class=\"e-con-inner\">\n\t\t\t\t<div class=\"elementor-element elementor-element-16c0b1c5 gallery-spacing-custom elementor-widget__width-inherit elementor-widget elementor-widget-image-gallery\" data-id=\"16c0b1c5\" data-element_type=\"widget\" data-widget_type=\"image-gallery.default\">\n\t\t\t\t\t\t\t<div class=\"elementor-image-gallery\">\n\t\t\t<div id='gallery-1' class='gallery galleryid-626 gallery-columns-4 gallery-size-medium_large'><figure class='gallery-item'>\n\t\t\t<div class='gallery-icon landscape'>\n\t\t\t\t<a data-elementor-open-lightbox=\"yes\" data-elementor-lightbox-slideshow=\"16c0b1c5\" data-elementor-lightbox-title=\"chambre 6 new site\" data-e-action-hash=\"#elementor-action%3Aaction%3Dlightbox%26settings%3DeyJpZCI6NzQwLCJ1cmwiOiJodHRwczpcL1wvd3d3LmxhYmF0aXNzZWRlc3ByZXMuY29tXC93cC1jb250ZW50XC91cGxvYWRzXC8yMDI1XC8xMFwvY2hhbWJyZS02LW5ldy1zaXRlLmpwZyIsInNsaWRlc2hvdyI6IjE2YzBiMWM1In0%3D\" href='https:\/\/www.labatissedespres.com\/wp-content\/uploads\/2025\/10\/chambre-6-new-site.jpg'><img decoding=\"async\" width=\"768\" height=\"576\" src=\"https:\/\/www.labatissedespres.com\/wp-content\/uploads\/2025\/10\/chambre-6-new-site-768x576.jpg\" class=\"attachment-medium_large size-medium_large\" alt=\"\" srcset=\"https:\/\/www.labatissedespres.com\/wp-content\/uploads\/2025\/10\/chambre-6-new-site-768x576.jpg 768w, https:\/\/www.labatissedespres.com\/wp-content\/uploads\/2025\/10\/chambre-6-new-site-300x225.jpg 300w, https:\/\/www.labatissedespres.com\/wp-content\/uploads\/2025\/10\/chambre-6-new-site-1024x768.jpg 1024w, https:\/\/www.labatissedespres.com\/wp-content\/uploads\/2025\/10\/chambre-6-new-site.jpg 1312w\" sizes=\"(max-width: 768px) 100vw, 768px\" \/><\/a>\n\t\t\t<\/div><\/figure><figure class='gallery-item'>\n\t\t\t<div class='gallery-icon landscape'>\n\t\t\t\t<a data-elementor-open-lightbox=\"yes\" data-elementor-lightbox-slideshow=\"16c0b1c5\" data-elementor-lightbox-title=\"chambre 2 new site\" data-e-action-hash=\"#elementor-action%3Aaction%3Dlightbox%26settings%3DeyJpZCI6NzQxLCJ1cmwiOiJodHRwczpcL1wvd3d3LmxhYmF0aXNzZWRlc3ByZXMuY29tXC93cC1jb250ZW50XC91cGxvYWRzXC8yMDI1XC8xMFwvY2hhbWJyZS0yLW5ldy1zaXRlLmpwZyIsInNsaWRlc2hvdyI6IjE2YzBiMWM1In0%3D\" href='https:\/\/www.labatissedespres.com\/wp-content\/uploads\/2025\/10\/chambre-2-new-site.jpg'><img loading=\"lazy\" decoding=\"async\" width=\"768\" height=\"576\" src=\"https:\/\/www.labatissedespres.com\/wp-content\/uploads\/2025\/10\/chambre-2-new-site-768x576.jpg\" class=\"attachment-medium_large size-medium_large\" alt=\"\" srcset=\"https:\/\/www.labatissedespres.com\/wp-content\/uploads\/2025\/10\/chambre-2-new-site-768x576.jpg 768w, https:\/\/www.labatissedespres.com\/wp-content\/uploads\/2025\/10\/chambre-2-new-site-300x225.jpg 300w, https:\/\/www.labatissedespres.com\/wp-content\/uploads\/2025\/10\/chambre-2-new-site-1024x768.jpg 1024w, https:\/\/www.labatissedespres.com\/wp-content\/uploads\/2025\/10\/chambre-2-new-site.jpg 1312w\" sizes=\"(max-width: 768px) 100vw, 768px\" \/><\/a>\n\t\t\t<\/div><\/figure>\n\t\t<\/div>\n\t\t<\/div>\n\t\t\t\t\t\t<\/div>\n\t\t\t\t\t<\/div>\n\t\t\t\t<\/div>\n\t\t\t\t<\/div>\n\t\t","protected":false},"excerpt":{"rendered":"<p>Pelvoux Son atmosph\u00e8re unique, ses teintes claires et reposante, l&rsquo;endroit id\u00e9al pour se ressourcer Caract\u00e9ristiques de l&rsquo;appartement Lorem ipsum dolor sit amet, consectetur adipiscing elit. Ut elit tellus, luctus nec ullamcorper mattis, pulvinar dapibus leo. Equipements de l&rsquo;appartement Lorem ipsum dolor sit amet, consectetur adipiscing elit. Ut elit tellus, luctus nec ullamcorper mattis, pulvinar dapibus [&hellip;]<\/p>\n","protected":false},"author":1,"featured_media":0,"parent":0,"menu_order":0,"comment_status":"closed","ping_status":"closed","template":"","meta":{"footnotes":""},"class_list":["post-626","page","type-page","status-publish","hentry"],"_links":{"self":[{"href":"https:\/\/www.labatissedespres.com\/index.php\/wp-json\/wp\/v2\/pages\/626","targetHints":{"allow":["GET"]}}],"collection":[{"href":"https:\/\/www.labatissedespres.com\/index.php\/wp-json\/wp\/v2\/pages"}],"about":[{"href":"https:\/\/www.labatissedespres.com\/index.php\/wp-json\/wp\/v2\/types\/page"}],"author":[{"embeddable":true,"href":"https:\/\/www.labatissedespres.com\/index.php\/wp-json\/wp\/v2\/users\/1"}],"replies":[{"embeddable":true,"href":"https:\/\/www.labatissedespres.com\/index.php\/wp-json\/wp\/v2\/comments?post=626"}],"version-history":[{"count":7,"href":"https:\/\/www.labatissedespres.com\/index.php\/wp-json\/wp\/v2\/pages\/626\/revisions"}],"predecessor-version":[{"id":1015,"href":"https:\/\/www.labatissedespres.com\/index.php\/wp-json\/wp\/v2\/pages\/626\/revisions\/1015"}],"wp:attachment":[{"href":"https:\/\/www.labatissedespres.com\/index.php\/wp-json\/wp\/v2\/media?parent=626"}],"curies":[{"name":"wp","href":"https:\/\/api.w.org\/{rel}","templated":true}]}}