{"id":624,"date":"2025-10-12T09:11:36","date_gmt":"2025-10-12T09:11:36","guid":{"rendered":"https:\/\/www.labatissedespres.com\/?page_id=624"},"modified":"2025-11-01T05:38:15","modified_gmt":"2025-11-01T05:38:15","slug":"montbrison","status":"publish","type":"page","link":"https:\/\/www.labatissedespres.com\/index.php\/montbrison\/","title":{"rendered":"Montbrison"},"content":{"rendered":"\t\t<div data-elementor-type=\"wp-page\" data-elementor-id=\"624\" class=\"elementor elementor-624\">\n\t\t\t\t<div class=\"elementor-element elementor-element-23479356 e-con-full e-flex e-con e-parent\" data-id=\"23479356\" data-element_type=\"container\">\n\t\t\t\t<div class=\"elementor-element elementor-element-43308f00 elementor-widget__width-inherit elementor-widget elementor-widget-image\" data-id=\"43308f00\" data-element_type=\"widget\" data-widget_type=\"image.default\">\n\t\t\t\t\t\t\t\t\t\t\t\t\t\t\t<img decoding=\"async\" src=\"https:\/\/www.labatissedespres.com\/wp-content\/uploads\/2025\/10\/montbrion-terrasse-site.jpg\" title=\"montbrion terrasse site\" alt=\"montbrion terrasse site\" loading=\"lazy\" \/>\t\t\t\t\t\t\t\t\t\t\t\t\t\t\t<\/div>\n\t\t\t\t<\/div>\n\t\t<div class=\"elementor-element elementor-element-16bee3f1 e-flex e-con-boxed e-con e-parent\" data-id=\"16bee3f1\" data-element_type=\"container\">\n\t\t\t\t\t<div class=\"e-con-inner\">\n\t\t\t\t<div class=\"elementor-element elementor-element-5283b107 elementor-widget__width-inherit elementor-widget elementor-widget-heading\" data-id=\"5283b107\" data-element_type=\"widget\" data-widget_type=\"heading.default\">\n\t\t\t\t\t<h2 class=\"elementor-heading-title elementor-size-default\">Montbrison<\/h2>\t\t\t\t<\/div>\n\t\t\t\t\t<\/div>\n\t\t\t\t<\/div>\n\t\t<div class=\"elementor-element elementor-element-532f504a e-flex e-con-boxed e-con e-parent\" data-id=\"532f504a\" data-element_type=\"container\" data-settings=\"{&quot;background_background&quot;:&quot;classic&quot;}\">\n\t\t\t\t\t<div class=\"e-con-inner\">\n\t\t\t\t<div class=\"elementor-element elementor-element-406582c2 elementor-widget__width-initial elementor-widget elementor-widget-text-editor\" data-id=\"406582c2\" data-element_type=\"widget\" data-widget_type=\"text-editor.default\">\n\t\t\t\t\t\t\t\t\t<h5>Son atmosph\u00e8re unique, ses teintes claires et reposante, l&rsquo;endroit id\u00e9al pour se ressourcer<\/h5>\t\t\t\t\t\t\t\t<\/div>\n\t\t\t\t\t<\/div>\n\t\t\t\t<\/div>\n\t\t<div class=\"elementor-element elementor-element-49760b40 e-flex e-con-boxed e-con e-parent\" data-id=\"49760b40\" data-element_type=\"container\">\n\t\t\t\t\t<div class=\"e-con-inner\">\n\t\t\t\t<div class=\"elementor-element elementor-element-1aac7329 elementor-widget__width-inherit elementor-widget elementor-widget-heading\" data-id=\"1aac7329\" data-element_type=\"widget\" data-widget_type=\"heading.default\">\n\t\t\t\t\t<h2 class=\"elementor-heading-title elementor-size-default\">Caract\u00e9ristiques de l'appartement<\/h2>\t\t\t\t<\/div>\n\t\t\t\t\t<\/div>\n\t\t\t\t<\/div>\n\t\t<div class=\"elementor-element elementor-element-646b681 e-flex e-con-boxed e-con e-parent\" data-id=\"646b681\" data-element_type=\"container\">\n\t\t\t\t\t<div class=\"e-con-inner\">\n\t\t<div class=\"elementor-element elementor-element-16633e75 e-con-full e-flex e-con e-child\" data-id=\"16633e75\" data-element_type=\"container\">\n\t\t\t\t<div class=\"elementor-element elementor-element-21019689 elementor-widget elementor-widget-image\" data-id=\"21019689\" data-element_type=\"widget\" data-widget_type=\"image.default\">\n\t\t\t\t\t\t\t\t\t\t\t\t\t\t\t<img fetchpriority=\"high\" decoding=\"async\" width=\"768\" height=\"576\" src=\"https:\/\/www.labatissedespres.com\/wp-content\/uploads\/2025\/10\/Montbrison-pdv-new-site-768x576.jpg\" class=\"attachment-medium_large size-medium_large wp-image-1003\" alt=\"\" srcset=\"https:\/\/www.labatissedespres.com\/wp-content\/uploads\/2025\/10\/Montbrison-pdv-new-site-768x576.jpg 768w, https:\/\/www.labatissedespres.com\/wp-content\/uploads\/2025\/10\/Montbrison-pdv-new-site-300x225.jpg 300w, https:\/\/www.labatissedespres.com\/wp-content\/uploads\/2025\/10\/Montbrison-pdv-new-site.jpg 800w\" sizes=\"(max-width: 768px) 100vw, 768px\" \/>\t\t\t\t\t\t\t\t\t\t\t\t\t\t\t<\/div>\n\t\t\t\t<\/div>\n\t\t<div class=\"elementor-element elementor-element-5078e885 e-con-full e-flex e-con e-child\" data-id=\"5078e885\" data-element_type=\"container\">\n\t\t\t\t<div class=\"elementor-element elementor-element-7eddc55c elementor-widget elementor-widget-text-editor\" data-id=\"7eddc55c\" data-element_type=\"widget\" data-widget_type=\"text-editor.default\">\n\t\t\t\t\t\t\t\t\t<p>Lorem ipsum dolor sit amet, consectetur adipiscing elit. Ut elit tellus, luctus nec ullamcorper mattis, pulvinar dapibus leo.<\/p>\t\t\t\t\t\t\t\t<\/div>\n\t\t\t\t<\/div>\n\t\t\t\t\t<\/div>\n\t\t\t\t<\/div>\n\t\t<div class=\"elementor-element elementor-element-5e1db38b e-flex e-con-boxed e-con e-parent\" data-id=\"5e1db38b\" data-element_type=\"container\">\n\t\t\t\t\t<div class=\"e-con-inner\">\n\t\t\t\t<div class=\"elementor-element elementor-element-4d84ea87 elementor-widget__width-inherit elementor-widget elementor-widget-heading\" data-id=\"4d84ea87\" data-element_type=\"widget\" data-widget_type=\"heading.default\">\n\t\t\t\t\t<h2 class=\"elementor-heading-title elementor-size-default\">Equipements de l'appartement<\/h2>\t\t\t\t<\/div>\n\t\t\t\t\t<\/div>\n\t\t\t\t<\/div>\n\t\t<div class=\"elementor-element elementor-element-2afd8062 e-flex e-con-boxed e-con e-parent\" data-id=\"2afd8062\" data-element_type=\"container\" data-settings=\"{&quot;background_background&quot;:&quot;classic&quot;}\">\n\t\t\t\t\t<div class=\"e-con-inner\">\n\t\t<div class=\"elementor-element elementor-element-69293306 e-con-full e-flex e-con e-child\" data-id=\"69293306\" data-element_type=\"container\">\n\t\t\t\t<div class=\"elementor-element elementor-element-406f8039 elementor-widget elementor-widget-text-editor\" data-id=\"406f8039\" data-element_type=\"widget\" data-widget_type=\"text-editor.default\">\n\t\t\t\t\t\t\t\t\t<p>Lorem ipsum dolor sit amet, consectetur adipiscing elit. Ut elit tellus, luctus nec ullamcorper mattis, pulvinar dapibus leo.<\/p>\t\t\t\t\t\t\t\t<\/div>\n\t\t\t\t<\/div>\n\t\t<div class=\"elementor-element elementor-element-3044174f e-con-full e-flex e-con e-child\" data-id=\"3044174f\" data-element_type=\"container\">\n\t\t\t\t<div class=\"elementor-element elementor-element-7564e977 elementor-widget elementor-widget-image\" data-id=\"7564e977\" data-element_type=\"widget\" data-widget_type=\"image.default\">\n\t\t\t\t\t\t\t\t\t\t\t\t\t\t\t<img decoding=\"async\" width=\"768\" height=\"576\" src=\"https:\/\/www.labatissedespres.com\/wp-content\/uploads\/2025\/10\/chambre-mix-new-site-montbrison-768x576.jpg\" class=\"attachment-medium_large size-medium_large wp-image-1005\" alt=\"\" srcset=\"https:\/\/www.labatissedespres.com\/wp-content\/uploads\/2025\/10\/chambre-mix-new-site-montbrison-768x576.jpg 768w, https:\/\/www.labatissedespres.com\/wp-content\/uploads\/2025\/10\/chambre-mix-new-site-montbrison-300x225.jpg 300w, https:\/\/www.labatissedespres.com\/wp-content\/uploads\/2025\/10\/chambre-mix-new-site-montbrison.jpg 800w\" sizes=\"(max-width: 768px) 100vw, 768px\" \/>\t\t\t\t\t\t\t\t\t\t\t\t\t\t\t<\/div>\n\t\t\t\t<\/div>\n\t\t\t\t\t<\/div>\n\t\t\t\t<\/div>\n\t\t<div class=\"elementor-element elementor-element-4365ff07 e-flex e-con-boxed e-con e-parent\" data-id=\"4365ff07\" data-element_type=\"container\">\n\t\t\t\t\t<div class=\"e-con-inner\">\n\t\t\t\t<div class=\"elementor-element elementor-element-1d5fc45b elementor-widget elementor-widget-heading\" data-id=\"1d5fc45b\" data-element_type=\"widget\" data-widget_type=\"heading.default\">\n\t\t\t\t\t<h2 class=\"elementor-heading-title elementor-size-default\">Galerie photos<\/h2>\t\t\t\t<\/div>\n\t\t\t\t\t<\/div>\n\t\t\t\t<\/div>\n\t\t<div class=\"elementor-element elementor-element-47542c36 e-flex e-con-boxed e-con e-parent\" data-id=\"47542c36\" data-element_type=\"container\">\n\t\t\t\t\t<div class=\"e-con-inner\">\n\t\t\t\t<div class=\"elementor-element elementor-element-54ee8435 gallery-spacing-custom elementor-widget__width-inherit elementor-widget elementor-widget-image-gallery\" data-id=\"54ee8435\" data-element_type=\"widget\" data-widget_type=\"image-gallery.default\">\n\t\t\t\t\t\t\t<div class=\"elementor-image-gallery\">\n\t\t\t<div id='gallery-1' class='gallery galleryid-624 gallery-columns-4 gallery-size-medium_large'><figure class='gallery-item'>\n\t\t\t<div class='gallery-icon landscape'>\n\t\t\t\t<a data-elementor-open-lightbox=\"yes\" data-elementor-lightbox-slideshow=\"54ee8435\" data-elementor-lightbox-title=\"chambre mix new site montbrison\" data-e-action-hash=\"#elementor-action%3Aaction%3Dlightbox%26settings%3DeyJpZCI6MTAwNSwidXJsIjoiaHR0cHM6XC9cL3d3dy5sYWJhdGlzc2VkZXNwcmVzLmNvbVwvd3AtY29udGVudFwvdXBsb2Fkc1wvMjAyNVwvMTBcL2NoYW1icmUtbWl4LW5ldy1zaXRlLW1vbnRicmlzb24uanBnIiwic2xpZGVzaG93IjoiNTRlZTg0MzUifQ%3D%3D\" href='https:\/\/www.labatissedespres.com\/wp-content\/uploads\/2025\/10\/chambre-mix-new-site-montbrison.jpg'><img decoding=\"async\" width=\"768\" height=\"576\" src=\"https:\/\/www.labatissedespres.com\/wp-content\/uploads\/2025\/10\/chambre-mix-new-site-montbrison-768x576.jpg\" class=\"attachment-medium_large size-medium_large\" alt=\"\" srcset=\"https:\/\/www.labatissedespres.com\/wp-content\/uploads\/2025\/10\/chambre-mix-new-site-montbrison-768x576.jpg 768w, https:\/\/www.labatissedespres.com\/wp-content\/uploads\/2025\/10\/chambre-mix-new-site-montbrison-300x225.jpg 300w, https:\/\/www.labatissedespres.com\/wp-content\/uploads\/2025\/10\/chambre-mix-new-site-montbrison.jpg 800w\" sizes=\"(max-width: 768px) 100vw, 768px\" \/><\/a>\n\t\t\t<\/div><\/figure><figure class='gallery-item'>\n\t\t\t<div class='gallery-icon landscape'>\n\t\t\t\t<a data-elementor-open-lightbox=\"yes\" data-elementor-lightbox-slideshow=\"54ee8435\" data-elementor-lightbox-title=\"Montbrison pdv new site\" data-e-action-hash=\"#elementor-action%3Aaction%3Dlightbox%26settings%3DeyJpZCI6MTAwMywidXJsIjoiaHR0cHM6XC9cL3d3dy5sYWJhdGlzc2VkZXNwcmVzLmNvbVwvd3AtY29udGVudFwvdXBsb2Fkc1wvMjAyNVwvMTBcL01vbnRicmlzb24tcGR2LW5ldy1zaXRlLmpwZyIsInNsaWRlc2hvdyI6IjU0ZWU4NDM1In0%3D\" href='https:\/\/www.labatissedespres.com\/wp-content\/uploads\/2025\/10\/Montbrison-pdv-new-site.jpg'><img loading=\"lazy\" decoding=\"async\" width=\"768\" height=\"576\" src=\"https:\/\/www.labatissedespres.com\/wp-content\/uploads\/2025\/10\/Montbrison-pdv-new-site-768x576.jpg\" class=\"attachment-medium_large size-medium_large\" alt=\"\" srcset=\"https:\/\/www.labatissedespres.com\/wp-content\/uploads\/2025\/10\/Montbrison-pdv-new-site-768x576.jpg 768w, https:\/\/www.labatissedespres.com\/wp-content\/uploads\/2025\/10\/Montbrison-pdv-new-site-300x225.jpg 300w, https:\/\/www.labatissedespres.com\/wp-content\/uploads\/2025\/10\/Montbrison-pdv-new-site.jpg 800w\" sizes=\"(max-width: 768px) 100vw, 768px\" \/><\/a>\n\t\t\t<\/div><\/figure><figure class='gallery-item'>\n\t\t\t<div class='gallery-icon landscape'>\n\t\t\t\t<a data-elementor-open-lightbox=\"yes\" data-elementor-lightbox-slideshow=\"54ee8435\" data-elementor-lightbox-title=\"Chambre 1 new\" data-e-action-hash=\"#elementor-action%3Aaction%3Dlightbox%26settings%3DeyJpZCI6MTE3MywidXJsIjoiaHR0cHM6XC9cL3d3dy5sYWJhdGlzc2VkZXNwcmVzLmNvbVwvd3AtY29udGVudFwvdXBsb2Fkc1wvMjAyNVwvMTFcL0NoYW1icmUtMS1uZXctMS1zY2FsZWQuanBnIiwic2xpZGVzaG93IjoiNTRlZTg0MzUifQ%3D%3D\" href='https:\/\/www.labatissedespres.com\/wp-content\/uploads\/2025\/11\/Chambre-1-new-1-scaled.jpg'><img loading=\"lazy\" decoding=\"async\" width=\"768\" height=\"576\" src=\"https:\/\/www.labatissedespres.com\/wp-content\/uploads\/2025\/11\/Chambre-1-new-1-768x576.jpg\" class=\"attachment-medium_large size-medium_large\" alt=\"\" srcset=\"https:\/\/www.labatissedespres.com\/wp-content\/uploads\/2025\/11\/Chambre-1-new-1-768x576.jpg 768w, https:\/\/www.labatissedespres.com\/wp-content\/uploads\/2025\/11\/Chambre-1-new-1-300x225.jpg 300w, https:\/\/www.labatissedespres.com\/wp-content\/uploads\/2025\/11\/Chambre-1-new-1-1024x768.jpg 1024w, https:\/\/www.labatissedespres.com\/wp-content\/uploads\/2025\/11\/Chambre-1-new-1-1536x1152.jpg 1536w, https:\/\/www.labatissedespres.com\/wp-content\/uploads\/2025\/11\/Chambre-1-new-1-2048x1536.jpg 2048w\" sizes=\"(max-width: 768px) 100vw, 768px\" \/><\/a>\n\t\t\t<\/div><\/figure><figure class='gallery-item'>\n\t\t\t<div class='gallery-icon landscape'>\n\t\t\t\t<a data-elementor-open-lightbox=\"yes\" data-elementor-lightbox-slideshow=\"54ee8435\" data-elementor-lightbox-title=\"chambre 3 new\" data-e-action-hash=\"#elementor-action%3Aaction%3Dlightbox%26settings%3DeyJpZCI6MTE3NCwidXJsIjoiaHR0cHM6XC9cL3d3dy5sYWJhdGlzc2VkZXNwcmVzLmNvbVwvd3AtY29udGVudFwvdXBsb2Fkc1wvMjAyNVwvMTFcL2NoYW1icmUtMy1uZXctMi1zY2FsZWQuanBnIiwic2xpZGVzaG93IjoiNTRlZTg0MzUifQ%3D%3D\" href='https:\/\/www.labatissedespres.com\/wp-content\/uploads\/2025\/11\/chambre-3-new-2-scaled.jpg'><img loading=\"lazy\" decoding=\"async\" width=\"768\" height=\"576\" src=\"https:\/\/www.labatissedespres.com\/wp-content\/uploads\/2025\/11\/chambre-3-new-2-768x576.jpg\" class=\"attachment-medium_large size-medium_large\" alt=\"\" srcset=\"https:\/\/www.labatissedespres.com\/wp-content\/uploads\/2025\/11\/chambre-3-new-2-768x576.jpg 768w, https:\/\/www.labatissedespres.com\/wp-content\/uploads\/2025\/11\/chambre-3-new-2-300x225.jpg 300w, https:\/\/www.labatissedespres.com\/wp-content\/uploads\/2025\/11\/chambre-3-new-2-1024x768.jpg 1024w, https:\/\/www.labatissedespres.com\/wp-content\/uploads\/2025\/11\/chambre-3-new-2-1536x1152.jpg 1536w, https:\/\/www.labatissedespres.com\/wp-content\/uploads\/2025\/11\/chambre-3-new-2-2048x1536.jpg 2048w\" sizes=\"(max-width: 768px) 100vw, 768px\" \/><\/a>\n\t\t\t<\/div><\/figure><figure class='gallery-item'>\n\t\t\t<div class='gallery-icon landscape'>\n\t\t\t\t<a data-elementor-open-lightbox=\"yes\" data-elementor-lightbox-slideshow=\"54ee8435\" data-elementor-lightbox-title=\"PDV 1 new\" data-e-action-hash=\"#elementor-action%3Aaction%3Dlightbox%26settings%3DeyJpZCI6MTE3NSwidXJsIjoiaHR0cHM6XC9cL3d3dy5sYWJhdGlzc2VkZXNwcmVzLmNvbVwvd3AtY29udGVudFwvdXBsb2Fkc1wvMjAyNVwvMTFcL1BEVi0xLW5ldy0xLXNjYWxlZC5qcGciLCJzbGlkZXNob3ciOiI1NGVlODQzNSJ9\" href='https:\/\/www.labatissedespres.com\/wp-content\/uploads\/2025\/11\/PDV-1-new-1-scaled.jpg'><img loading=\"lazy\" decoding=\"async\" width=\"768\" height=\"576\" src=\"https:\/\/www.labatissedespres.com\/wp-content\/uploads\/2025\/11\/PDV-1-new-1-768x576.jpg\" class=\"attachment-medium_large size-medium_large\" alt=\"\" srcset=\"https:\/\/www.labatissedespres.com\/wp-content\/uploads\/2025\/11\/PDV-1-new-1-768x576.jpg 768w, https:\/\/www.labatissedespres.com\/wp-content\/uploads\/2025\/11\/PDV-1-new-1-300x225.jpg 300w, https:\/\/www.labatissedespres.com\/wp-content\/uploads\/2025\/11\/PDV-1-new-1-1024x768.jpg 1024w, https:\/\/www.labatissedespres.com\/wp-content\/uploads\/2025\/11\/PDV-1-new-1-1536x1152.jpg 1536w, https:\/\/www.labatissedespres.com\/wp-content\/uploads\/2025\/11\/PDV-1-new-1-2048x1536.jpg 2048w\" sizes=\"(max-width: 768px) 100vw, 768px\" \/><\/a>\n\t\t\t<\/div><\/figure><figure class='gallery-item'>\n\t\t\t<div class='gallery-icon landscape'>\n\t\t\t\t<a data-elementor-open-lightbox=\"yes\" data-elementor-lightbox-slideshow=\"54ee8435\" data-elementor-lightbox-title=\"PDV 4 new\" data-e-action-hash=\"#elementor-action%3Aaction%3Dlightbox%26settings%3DeyJpZCI6MTE3NiwidXJsIjoiaHR0cHM6XC9cL3d3dy5sYWJhdGlzc2VkZXNwcmVzLmNvbVwvd3AtY29udGVudFwvdXBsb2Fkc1wvMjAyNVwvMTFcL1BEVi00LW5ldy0xLXNjYWxlZC5qcGciLCJzbGlkZXNob3ciOiI1NGVlODQzNSJ9\" href='https:\/\/www.labatissedespres.com\/wp-content\/uploads\/2025\/11\/PDV-4-new-1-scaled.jpg'><img loading=\"lazy\" decoding=\"async\" width=\"768\" height=\"576\" src=\"https:\/\/www.labatissedespres.com\/wp-content\/uploads\/2025\/11\/PDV-4-new-1-768x576.jpg\" class=\"attachment-medium_large size-medium_large\" alt=\"\" srcset=\"https:\/\/www.labatissedespres.com\/wp-content\/uploads\/2025\/11\/PDV-4-new-1-768x576.jpg 768w, https:\/\/www.labatissedespres.com\/wp-content\/uploads\/2025\/11\/PDV-4-new-1-300x225.jpg 300w, https:\/\/www.labatissedespres.com\/wp-content\/uploads\/2025\/11\/PDV-4-new-1-1024x768.jpg 1024w, https:\/\/www.labatissedespres.com\/wp-content\/uploads\/2025\/11\/PDV-4-new-1-1536x1152.jpg 1536w, https:\/\/www.labatissedespres.com\/wp-content\/uploads\/2025\/11\/PDV-4-new-1-2048x1536.jpg 2048w\" sizes=\"(max-width: 768px) 100vw, 768px\" \/><\/a>\n\t\t\t<\/div><\/figure><figure class='gallery-item'>\n\t\t\t<div class='gallery-icon landscape'>\n\t\t\t\t<a data-elementor-open-lightbox=\"yes\" data-elementor-lightbox-slideshow=\"54ee8435\" data-elementor-lightbox-title=\"SDB new\" data-e-action-hash=\"#elementor-action%3Aaction%3Dlightbox%26settings%3DeyJpZCI6MTE3NywidXJsIjoiaHR0cHM6XC9cL3d3dy5sYWJhdGlzc2VkZXNwcmVzLmNvbVwvd3AtY29udGVudFwvdXBsb2Fkc1wvMjAyNVwvMTFcL1NEQi1uZXctMS1zY2FsZWQuanBnIiwic2xpZGVzaG93IjoiNTRlZTg0MzUifQ%3D%3D\" href='https:\/\/www.labatissedespres.com\/wp-content\/uploads\/2025\/11\/SDB-new-1-scaled.jpg'><img loading=\"lazy\" decoding=\"async\" width=\"768\" height=\"576\" src=\"https:\/\/www.labatissedespres.com\/wp-content\/uploads\/2025\/11\/SDB-new-1-768x576.jpg\" class=\"attachment-medium_large size-medium_large\" alt=\"\" srcset=\"https:\/\/www.labatissedespres.com\/wp-content\/uploads\/2025\/11\/SDB-new-1-768x576.jpg 768w, https:\/\/www.labatissedespres.com\/wp-content\/uploads\/2025\/11\/SDB-new-1-300x225.jpg 300w, https:\/\/www.labatissedespres.com\/wp-content\/uploads\/2025\/11\/SDB-new-1-1024x768.jpg 1024w, https:\/\/www.labatissedespres.com\/wp-content\/uploads\/2025\/11\/SDB-new-1-1536x1152.jpg 1536w, https:\/\/www.labatissedespres.com\/wp-content\/uploads\/2025\/11\/SDB-new-1-2048x1536.jpg 2048w\" sizes=\"(max-width: 768px) 100vw, 768px\" \/><\/a>\n\t\t\t<\/div><\/figure><figure class='gallery-item'>\n\t\t\t<div class='gallery-icon landscape'>\n\t\t\t\t<a data-elementor-open-lightbox=\"yes\" data-elementor-lightbox-slideshow=\"54ee8435\" data-elementor-lightbox-title=\"WC new\" data-e-action-hash=\"#elementor-action%3Aaction%3Dlightbox%26settings%3DeyJpZCI6MTE3OCwidXJsIjoiaHR0cHM6XC9cL3d3dy5sYWJhdGlzc2VkZXNwcmVzLmNvbVwvd3AtY29udGVudFwvdXBsb2Fkc1wvMjAyNVwvMTFcL1dDLW5ldy1zY2FsZWQuanBnIiwic2xpZGVzaG93IjoiNTRlZTg0MzUifQ%3D%3D\" href='https:\/\/www.labatissedespres.com\/wp-content\/uploads\/2025\/11\/WC-new-scaled.jpg'><img loading=\"lazy\" decoding=\"async\" width=\"768\" height=\"576\" src=\"https:\/\/www.labatissedespres.com\/wp-content\/uploads\/2025\/11\/WC-new-768x576.jpg\" class=\"attachment-medium_large size-medium_large\" alt=\"\" srcset=\"https:\/\/www.labatissedespres.com\/wp-content\/uploads\/2025\/11\/WC-new-768x576.jpg 768w, https:\/\/www.labatissedespres.com\/wp-content\/uploads\/2025\/11\/WC-new-300x225.jpg 300w, https:\/\/www.labatissedespres.com\/wp-content\/uploads\/2025\/11\/WC-new-1024x768.jpg 1024w, https:\/\/www.labatissedespres.com\/wp-content\/uploads\/2025\/11\/WC-new-1536x1152.jpg 1536w, https:\/\/www.labatissedespres.com\/wp-content\/uploads\/2025\/11\/WC-new-2048x1536.jpg 2048w\" sizes=\"(max-width: 768px) 100vw, 768px\" \/><\/a>\n\t\t\t<\/div><\/figure><figure class='gallery-item'>\n\t\t\t<div class='gallery-icon landscape'>\n\t\t\t\t<a data-elementor-open-lightbox=\"yes\" data-elementor-lightbox-slideshow=\"54ee8435\" data-elementor-lightbox-title=\"IMG-20240821-WA0026\" data-e-action-hash=\"#elementor-action%3Aaction%3Dlightbox%26settings%3DeyJpZCI6MTE3OSwidXJsIjoiaHR0cHM6XC9cL3d3dy5sYWJhdGlzc2VkZXNwcmVzLmNvbVwvd3AtY29udGVudFwvdXBsb2Fkc1wvMjAyNVwvMTFcL0lNRy0yMDI0MDgyMS1XQTAwMjYuanBlZyIsInNsaWRlc2hvdyI6IjU0ZWU4NDM1In0%3D\" href='https:\/\/www.labatissedespres.com\/wp-content\/uploads\/2025\/11\/IMG-20240821-WA0026.jpeg'><img loading=\"lazy\" decoding=\"async\" width=\"768\" height=\"576\" src=\"https:\/\/www.labatissedespres.com\/wp-content\/uploads\/2025\/11\/IMG-20240821-WA0026-768x576.jpeg\" class=\"attachment-medium_large size-medium_large\" alt=\"\" srcset=\"https:\/\/www.labatissedespres.com\/wp-content\/uploads\/2025\/11\/IMG-20240821-WA0026-768x576.jpeg 768w, https:\/\/www.labatissedespres.com\/wp-content\/uploads\/2025\/11\/IMG-20240821-WA0026-300x225.jpeg 300w, https:\/\/www.labatissedespres.com\/wp-content\/uploads\/2025\/11\/IMG-20240821-WA0026-1024x768.jpeg 1024w, https:\/\/www.labatissedespres.com\/wp-content\/uploads\/2025\/11\/IMG-20240821-WA0026-1536x1152.jpeg 1536w, https:\/\/www.labatissedespres.com\/wp-content\/uploads\/2025\/11\/IMG-20240821-WA0026.jpeg 2000w\" sizes=\"(max-width: 768px) 100vw, 768px\" \/><\/a>\n\t\t\t<\/div><\/figure><figure class='gallery-item'>\n\t\t\t<div class='gallery-icon landscape'>\n\t\t\t\t<a data-elementor-open-lightbox=\"yes\" data-elementor-lightbox-slideshow=\"54ee8435\" data-elementor-lightbox-title=\"IMG-20240821-WA0036\" data-e-action-hash=\"#elementor-action%3Aaction%3Dlightbox%26settings%3DeyJpZCI6MTE4MCwidXJsIjoiaHR0cHM6XC9cL3d3dy5sYWJhdGlzc2VkZXNwcmVzLmNvbVwvd3AtY29udGVudFwvdXBsb2Fkc1wvMjAyNVwvMTFcL0lNRy0yMDI0MDgyMS1XQTAwMzYuanBlZyIsInNsaWRlc2hvdyI6IjU0ZWU4NDM1In0%3D\" href='https:\/\/www.labatissedespres.com\/wp-content\/uploads\/2025\/11\/IMG-20240821-WA0036.jpeg'><img loading=\"lazy\" decoding=\"async\" width=\"768\" height=\"576\" src=\"https:\/\/www.labatissedespres.com\/wp-content\/uploads\/2025\/11\/IMG-20240821-WA0036-768x576.jpeg\" class=\"attachment-medium_large size-medium_large\" alt=\"\" srcset=\"https:\/\/www.labatissedespres.com\/wp-content\/uploads\/2025\/11\/IMG-20240821-WA0036-768x576.jpeg 768w, https:\/\/www.labatissedespres.com\/wp-content\/uploads\/2025\/11\/IMG-20240821-WA0036-300x225.jpeg 300w, https:\/\/www.labatissedespres.com\/wp-content\/uploads\/2025\/11\/IMG-20240821-WA0036-1024x768.jpeg 1024w, https:\/\/www.labatissedespres.com\/wp-content\/uploads\/2025\/11\/IMG-20240821-WA0036-1536x1152.jpeg 1536w, https:\/\/www.labatissedespres.com\/wp-content\/uploads\/2025\/11\/IMG-20240821-WA0036.jpeg 2000w\" sizes=\"(max-width: 768px) 100vw, 768px\" \/><\/a>\n\t\t\t<\/div><\/figure>\n\t\t<\/div>\n\t\t<\/div>\n\t\t\t\t\t\t<\/div>\n\t\t\t\t\t<\/div>\n\t\t\t\t<\/div>\n\t\t\t\t<\/div>\n\t\t","protected":false},"excerpt":{"rendered":"<p>Montbrison Son atmosph\u00e8re unique, ses teintes claires et reposante, l&rsquo;endroit id\u00e9al pour se ressourcer Caract\u00e9ristiques de l&rsquo;appartement Lorem ipsum dolor sit amet, consectetur adipiscing elit. Ut elit tellus, luctus nec ullamcorper mattis, pulvinar dapibus leo. Equipements de l&rsquo;appartement Lorem ipsum dolor sit amet, consectetur adipiscing elit. Ut elit tellus, luctus nec ullamcorper mattis, pulvinar dapibus [&hellip;]<\/p>\n","protected":false},"author":1,"featured_media":0,"parent":0,"menu_order":0,"comment_status":"closed","ping_status":"closed","template":"","meta":{"footnotes":""},"class_list":["post-624","page","type-page","status-publish","hentry"],"_links":{"self":[{"href":"https:\/\/www.labatissedespres.com\/index.php\/wp-json\/wp\/v2\/pages\/624","targetHints":{"allow":["GET"]}}],"collection":[{"href":"https:\/\/www.labatissedespres.com\/index.php\/wp-json\/wp\/v2\/pages"}],"about":[{"href":"https:\/\/www.labatissedespres.com\/index.php\/wp-json\/wp\/v2\/types\/page"}],"author":[{"embeddable":true,"href":"https:\/\/www.labatissedespres.com\/index.php\/wp-json\/wp\/v2\/users\/1"}],"replies":[{"embeddable":true,"href":"https:\/\/www.labatissedespres.com\/index.php\/wp-json\/wp\/v2\/comments?post=624"}],"version-history":[{"count":19,"href":"https:\/\/www.labatissedespres.com\/index.php\/wp-json\/wp\/v2\/pages\/624\/revisions"}],"predecessor-version":[{"id":1183,"href":"https:\/\/www.labatissedespres.com\/index.php\/wp-json\/wp\/v2\/pages\/624\/revisions\/1183"}],"wp:attachment":[{"href":"https:\/\/www.labatissedespres.com\/index.php\/wp-json\/wp\/v2\/media?parent=624"}],"curies":[{"name":"wp","href":"https:\/\/api.w.org\/{rel}","templated":true}]}}