{"id":622,"date":"2025-10-12T09:11:07","date_gmt":"2025-10-12T09:11:07","guid":{"rendered":"https:\/\/www.labatissedespres.com\/?page_id=622"},"modified":"2025-11-01T05:35:19","modified_gmt":"2025-11-01T05:35:19","slug":"pousterle","status":"publish","type":"page","link":"https:\/\/www.labatissedespres.com\/index.php\/pousterle\/","title":{"rendered":"Pousterle"},"content":{"rendered":"\t\t<div data-elementor-type=\"wp-page\" data-elementor-id=\"622\" class=\"elementor elementor-622\">\n\t\t\t\t<div class=\"elementor-element elementor-element-55811275 e-con-full e-flex e-con e-parent\" data-id=\"55811275\" data-element_type=\"container\">\n\t\t\t\t<div class=\"elementor-element elementor-element-651d399d elementor-widget__width-inherit elementor-widget elementor-widget-image\" data-id=\"651d399d\" data-element_type=\"widget\" data-widget_type=\"image.default\">\n\t\t\t\t\t\t\t\t\t\t\t\t\t\t\t<img decoding=\"async\" src=\"https:\/\/www.labatissedespres.com\/wp-content\/uploads\/2025\/10\/pousterle-site-new.jpg\" title=\"pousterle site new\" alt=\"pousterle site new\" loading=\"lazy\" \/>\t\t\t\t\t\t\t\t\t\t\t\t\t\t\t<\/div>\n\t\t\t\t<\/div>\n\t\t<div class=\"elementor-element elementor-element-64236ae0 e-flex e-con-boxed e-con e-parent\" data-id=\"64236ae0\" data-element_type=\"container\">\n\t\t\t\t\t<div class=\"e-con-inner\">\n\t\t\t\t<div class=\"elementor-element elementor-element-80c6168 elementor-widget__width-inherit elementor-widget elementor-widget-heading\" data-id=\"80c6168\" data-element_type=\"widget\" data-widget_type=\"heading.default\">\n\t\t\t\t\t<h2 class=\"elementor-heading-title elementor-size-default\">Pousterle<\/h2>\t\t\t\t<\/div>\n\t\t\t\t\t<\/div>\n\t\t\t\t<\/div>\n\t\t<div class=\"elementor-element elementor-element-73073429 e-flex e-con-boxed e-con e-parent\" data-id=\"73073429\" data-element_type=\"container\" data-settings=\"{&quot;background_background&quot;:&quot;classic&quot;}\">\n\t\t\t\t\t<div class=\"e-con-inner\">\n\t\t\t\t<div class=\"elementor-element elementor-element-3c23d907 elementor-widget__width-initial elementor-widget elementor-widget-text-editor\" data-id=\"3c23d907\" data-element_type=\"widget\" data-widget_type=\"text-editor.default\">\n\t\t\t\t\t\t\t\t\t<h5>Son atmosph\u00e8re unique, ses teintes claires et reposante, l&rsquo;endroit id\u00e9al pour se ressourcer<\/h5>\t\t\t\t\t\t\t\t<\/div>\n\t\t\t\t\t<\/div>\n\t\t\t\t<\/div>\n\t\t<div class=\"elementor-element elementor-element-621ef00e e-flex e-con-boxed e-con e-parent\" data-id=\"621ef00e\" data-element_type=\"container\">\n\t\t\t\t\t<div class=\"e-con-inner\">\n\t\t\t\t<div class=\"elementor-element elementor-element-11eb5643 elementor-widget__width-inherit elementor-widget elementor-widget-heading\" data-id=\"11eb5643\" data-element_type=\"widget\" data-widget_type=\"heading.default\">\n\t\t\t\t\t<h2 class=\"elementor-heading-title elementor-size-default\">Caract\u00e9ristiques de l'appartement<\/h2>\t\t\t\t<\/div>\n\t\t\t\t\t<\/div>\n\t\t\t\t<\/div>\n\t\t<div class=\"elementor-element elementor-element-6a132678 e-flex e-con-boxed e-con e-parent\" data-id=\"6a132678\" data-element_type=\"container\">\n\t\t\t\t\t<div class=\"e-con-inner\">\n\t\t<div class=\"elementor-element elementor-element-6833a4c1 e-con-full e-flex e-con e-child\" data-id=\"6833a4c1\" data-element_type=\"container\">\n\t\t\t\t<div class=\"elementor-element elementor-element-6929786d elementor-widget elementor-widget-image\" data-id=\"6929786d\" data-element_type=\"widget\" data-widget_type=\"image.default\">\n\t\t\t\t\t\t\t\t\t\t\t\t\t\t\t<img fetchpriority=\"high\" decoding=\"async\" width=\"768\" height=\"576\" src=\"https:\/\/www.labatissedespres.com\/wp-content\/uploads\/2025\/10\/chambre-pousterle-site-768x576.jpg\" class=\"attachment-medium_large size-medium_large wp-image-1041\" alt=\"\" srcset=\"https:\/\/www.labatissedespres.com\/wp-content\/uploads\/2025\/10\/chambre-pousterle-site-768x576.jpg 768w, https:\/\/www.labatissedespres.com\/wp-content\/uploads\/2025\/10\/chambre-pousterle-site-300x225.jpg 300w, https:\/\/www.labatissedespres.com\/wp-content\/uploads\/2025\/10\/chambre-pousterle-site.jpg 800w\" sizes=\"(max-width: 768px) 100vw, 768px\" \/>\t\t\t\t\t\t\t\t\t\t\t\t\t\t\t<\/div>\n\t\t\t\t<\/div>\n\t\t<div class=\"elementor-element elementor-element-2f61f46c e-con-full e-flex e-con e-child\" data-id=\"2f61f46c\" data-element_type=\"container\">\n\t\t\t\t<div class=\"elementor-element elementor-element-7a471fd elementor-widget elementor-widget-text-editor\" data-id=\"7a471fd\" data-element_type=\"widget\" data-widget_type=\"text-editor.default\">\n\t\t\t\t\t\t\t\t\t<p>Lorem ipsum dolor sit amet, consectetur adipiscing elit. Ut elit tellus, luctus nec ullamcorper mattis, pulvinar dapibus leo.<\/p>\t\t\t\t\t\t\t\t<\/div>\n\t\t\t\t<\/div>\n\t\t\t\t\t<\/div>\n\t\t\t\t<\/div>\n\t\t<div class=\"elementor-element elementor-element-43e77e2c e-flex e-con-boxed e-con e-parent\" data-id=\"43e77e2c\" data-element_type=\"container\">\n\t\t\t\t\t<div class=\"e-con-inner\">\n\t\t\t\t<div class=\"elementor-element elementor-element-7375b3e3 elementor-widget__width-inherit elementor-widget elementor-widget-heading\" data-id=\"7375b3e3\" data-element_type=\"widget\" data-widget_type=\"heading.default\">\n\t\t\t\t\t<h2 class=\"elementor-heading-title elementor-size-default\">Equipements de l'appartement<\/h2>\t\t\t\t<\/div>\n\t\t\t\t\t<\/div>\n\t\t\t\t<\/div>\n\t\t<div class=\"elementor-element elementor-element-69c633cf e-flex e-con-boxed e-con e-parent\" data-id=\"69c633cf\" data-element_type=\"container\" data-settings=\"{&quot;background_background&quot;:&quot;classic&quot;}\">\n\t\t\t\t\t<div class=\"e-con-inner\">\n\t\t<div class=\"elementor-element elementor-element-744c95be e-con-full e-flex e-con e-child\" data-id=\"744c95be\" data-element_type=\"container\">\n\t\t\t\t<div class=\"elementor-element elementor-element-339b242e elementor-widget elementor-widget-text-editor\" data-id=\"339b242e\" data-element_type=\"widget\" data-widget_type=\"text-editor.default\">\n\t\t\t\t\t\t\t\t\t<p>Lorem ipsum dolor sit amet, consectetur adipiscing elit. Ut elit tellus, luctus nec ullamcorper mattis, pulvinar dapibus leo.<\/p>\t\t\t\t\t\t\t\t<\/div>\n\t\t\t\t<\/div>\n\t\t<div class=\"elementor-element elementor-element-313d4a99 e-con-full e-flex e-con e-child\" data-id=\"313d4a99\" data-element_type=\"container\">\n\t\t\t\t<div class=\"elementor-element elementor-element-2ce96ae6 elementor-widget elementor-widget-image\" data-id=\"2ce96ae6\" data-element_type=\"widget\" data-widget_type=\"image.default\">\n\t\t\t\t\t\t\t\t\t\t\t\t\t\t\t<img decoding=\"async\" width=\"800\" height=\"600\" src=\"https:\/\/www.labatissedespres.com\/wp-content\/uploads\/2025\/10\/pdv-2-site-pousterle.jpg\" class=\"attachment-large size-large wp-image-1042\" alt=\"\" srcset=\"https:\/\/www.labatissedespres.com\/wp-content\/uploads\/2025\/10\/pdv-2-site-pousterle.jpg 800w, https:\/\/www.labatissedespres.com\/wp-content\/uploads\/2025\/10\/pdv-2-site-pousterle-300x225.jpg 300w, https:\/\/www.labatissedespres.com\/wp-content\/uploads\/2025\/10\/pdv-2-site-pousterle-768x576.jpg 768w\" sizes=\"(max-width: 800px) 100vw, 800px\" \/>\t\t\t\t\t\t\t\t\t\t\t\t\t\t\t<\/div>\n\t\t\t\t<\/div>\n\t\t\t\t\t<\/div>\n\t\t\t\t<\/div>\n\t\t<div class=\"elementor-element elementor-element-70c7e10a e-flex e-con-boxed e-con e-parent\" data-id=\"70c7e10a\" data-element_type=\"container\">\n\t\t\t\t\t<div class=\"e-con-inner\">\n\t\t\t\t<div class=\"elementor-element elementor-element-14edb64f elementor-widget elementor-widget-heading\" data-id=\"14edb64f\" data-element_type=\"widget\" data-widget_type=\"heading.default\">\n\t\t\t\t\t<h2 class=\"elementor-heading-title elementor-size-default\">Galerie photos<\/h2>\t\t\t\t<\/div>\n\t\t\t\t\t<\/div>\n\t\t\t\t<\/div>\n\t\t<div class=\"elementor-element elementor-element-fe5441c e-flex e-con-boxed e-con e-parent\" data-id=\"fe5441c\" data-element_type=\"container\">\n\t\t\t\t\t<div class=\"e-con-inner\">\n\t\t\t\t<div class=\"elementor-element elementor-element-1e1bde87 gallery-spacing-custom elementor-widget__width-inherit elementor-widget elementor-widget-image-gallery\" data-id=\"1e1bde87\" data-element_type=\"widget\" data-widget_type=\"image-gallery.default\">\n\t\t\t\t\t\t\t<div class=\"elementor-image-gallery\">\n\t\t\t<div id='gallery-1' class='gallery galleryid-622 gallery-columns-4 gallery-size-medium_large'><figure class='gallery-item'>\n\t\t\t<div class='gallery-icon landscape'>\n\t\t\t\t<a data-elementor-open-lightbox=\"yes\" data-elementor-lightbox-slideshow=\"1e1bde87\" data-elementor-lightbox-title=\"pdv 2 site pousterle\" data-e-action-hash=\"#elementor-action%3Aaction%3Dlightbox%26settings%3DeyJpZCI6MTA0MiwidXJsIjoiaHR0cHM6XC9cL3d3dy5sYWJhdGlzc2VkZXNwcmVzLmNvbVwvd3AtY29udGVudFwvdXBsb2Fkc1wvMjAyNVwvMTBcL3Bkdi0yLXNpdGUtcG91c3RlcmxlLmpwZyIsInNsaWRlc2hvdyI6IjFlMWJkZTg3In0%3D\" href='https:\/\/www.labatissedespres.com\/wp-content\/uploads\/2025\/10\/pdv-2-site-pousterle.jpg'><img decoding=\"async\" width=\"768\" height=\"576\" src=\"https:\/\/www.labatissedespres.com\/wp-content\/uploads\/2025\/10\/pdv-2-site-pousterle-768x576.jpg\" class=\"attachment-medium_large size-medium_large\" alt=\"\" srcset=\"https:\/\/www.labatissedespres.com\/wp-content\/uploads\/2025\/10\/pdv-2-site-pousterle-768x576.jpg 768w, https:\/\/www.labatissedespres.com\/wp-content\/uploads\/2025\/10\/pdv-2-site-pousterle-300x225.jpg 300w, https:\/\/www.labatissedespres.com\/wp-content\/uploads\/2025\/10\/pdv-2-site-pousterle.jpg 800w\" sizes=\"(max-width: 768px) 100vw, 768px\" \/><\/a>\n\t\t\t<\/div><\/figure><figure class='gallery-item'>\n\t\t\t<div class='gallery-icon landscape'>\n\t\t\t\t<a data-elementor-open-lightbox=\"yes\" data-elementor-lightbox-slideshow=\"1e1bde87\" data-elementor-lightbox-title=\"chambre pousterle site\" data-e-action-hash=\"#elementor-action%3Aaction%3Dlightbox%26settings%3DeyJpZCI6MTA0MSwidXJsIjoiaHR0cHM6XC9cL3d3dy5sYWJhdGlzc2VkZXNwcmVzLmNvbVwvd3AtY29udGVudFwvdXBsb2Fkc1wvMjAyNVwvMTBcL2NoYW1icmUtcG91c3RlcmxlLXNpdGUuanBnIiwic2xpZGVzaG93IjoiMWUxYmRlODcifQ%3D%3D\" href='https:\/\/www.labatissedespres.com\/wp-content\/uploads\/2025\/10\/chambre-pousterle-site.jpg'><img loading=\"lazy\" decoding=\"async\" width=\"768\" height=\"576\" src=\"https:\/\/www.labatissedespres.com\/wp-content\/uploads\/2025\/10\/chambre-pousterle-site-768x576.jpg\" class=\"attachment-medium_large size-medium_large\" alt=\"\" srcset=\"https:\/\/www.labatissedespres.com\/wp-content\/uploads\/2025\/10\/chambre-pousterle-site-768x576.jpg 768w, https:\/\/www.labatissedespres.com\/wp-content\/uploads\/2025\/10\/chambre-pousterle-site-300x225.jpg 300w, https:\/\/www.labatissedespres.com\/wp-content\/uploads\/2025\/10\/chambre-pousterle-site.jpg 800w\" sizes=\"(max-width: 768px) 100vw, 768px\" \/><\/a>\n\t\t\t<\/div><\/figure><figure class='gallery-item'>\n\t\t\t<div class='gallery-icon landscape'>\n\t\t\t\t<a data-elementor-open-lightbox=\"yes\" data-elementor-lightbox-slideshow=\"1e1bde87\" data-elementor-lightbox-title=\"chambre 2 new\" data-e-action-hash=\"#elementor-action%3Aaction%3Dlightbox%26settings%3DeyJpZCI6MTE2MSwidXJsIjoiaHR0cHM6XC9cL3d3dy5sYWJhdGlzc2VkZXNwcmVzLmNvbVwvd3AtY29udGVudFwvdXBsb2Fkc1wvMjAyNVwvMTFcL2NoYW1icmUtMi1uZXctc2NhbGVkLmpwZyIsInNsaWRlc2hvdyI6IjFlMWJkZTg3In0%3D\" href='https:\/\/www.labatissedespres.com\/wp-content\/uploads\/2025\/11\/chambre-2-new-scaled.jpg'><img loading=\"lazy\" decoding=\"async\" width=\"768\" height=\"576\" src=\"https:\/\/www.labatissedespres.com\/wp-content\/uploads\/2025\/11\/chambre-2-new-768x576.jpg\" class=\"attachment-medium_large size-medium_large\" alt=\"\" srcset=\"https:\/\/www.labatissedespres.com\/wp-content\/uploads\/2025\/11\/chambre-2-new-768x576.jpg 768w, https:\/\/www.labatissedespres.com\/wp-content\/uploads\/2025\/11\/chambre-2-new-300x225.jpg 300w, https:\/\/www.labatissedespres.com\/wp-content\/uploads\/2025\/11\/chambre-2-new-1024x768.jpg 1024w, https:\/\/www.labatissedespres.com\/wp-content\/uploads\/2025\/11\/chambre-2-new-1536x1152.jpg 1536w, https:\/\/www.labatissedespres.com\/wp-content\/uploads\/2025\/11\/chambre-2-new-2048x1536.jpg 2048w\" sizes=\"(max-width: 768px) 100vw, 768px\" \/><\/a>\n\t\t\t<\/div><\/figure><figure class='gallery-item'>\n\t\t\t<div class='gallery-icon landscape'>\n\t\t\t\t<a data-elementor-open-lightbox=\"yes\" data-elementor-lightbox-slideshow=\"1e1bde87\" data-elementor-lightbox-title=\"Chambre 3 new\" data-e-action-hash=\"#elementor-action%3Aaction%3Dlightbox%26settings%3DeyJpZCI6MTE2MiwidXJsIjoiaHR0cHM6XC9cL3d3dy5sYWJhdGlzc2VkZXNwcmVzLmNvbVwvd3AtY29udGVudFwvdXBsb2Fkc1wvMjAyNVwvMTFcL0NoYW1icmUtMy1uZXctMS1zY2FsZWQuanBnIiwic2xpZGVzaG93IjoiMWUxYmRlODcifQ%3D%3D\" href='https:\/\/www.labatissedespres.com\/wp-content\/uploads\/2025\/11\/Chambre-3-new-1-scaled.jpg'><img loading=\"lazy\" decoding=\"async\" width=\"768\" height=\"576\" src=\"https:\/\/www.labatissedespres.com\/wp-content\/uploads\/2025\/11\/Chambre-3-new-1-768x576.jpg\" class=\"attachment-medium_large size-medium_large\" alt=\"\" srcset=\"https:\/\/www.labatissedespres.com\/wp-content\/uploads\/2025\/11\/Chambre-3-new-1-768x576.jpg 768w, https:\/\/www.labatissedespres.com\/wp-content\/uploads\/2025\/11\/Chambre-3-new-1-300x225.jpg 300w, https:\/\/www.labatissedespres.com\/wp-content\/uploads\/2025\/11\/Chambre-3-new-1-1024x768.jpg 1024w, https:\/\/www.labatissedespres.com\/wp-content\/uploads\/2025\/11\/Chambre-3-new-1-1536x1152.jpg 1536w, https:\/\/www.labatissedespres.com\/wp-content\/uploads\/2025\/11\/Chambre-3-new-1-2048x1536.jpg 2048w\" sizes=\"(max-width: 768px) 100vw, 768px\" \/><\/a>\n\t\t\t<\/div><\/figure><figure class='gallery-item'>\n\t\t\t<div class='gallery-icon landscape'>\n\t\t\t\t<a data-elementor-open-lightbox=\"yes\" data-elementor-lightbox-slideshow=\"1e1bde87\" data-elementor-lightbox-title=\"Cuisine 1 new\" data-e-action-hash=\"#elementor-action%3Aaction%3Dlightbox%26settings%3DeyJpZCI6MTE2MywidXJsIjoiaHR0cHM6XC9cL3d3dy5sYWJhdGlzc2VkZXNwcmVzLmNvbVwvd3AtY29udGVudFwvdXBsb2Fkc1wvMjAyNVwvMTFcL0N1aXNpbmUtMS1uZXctc2NhbGVkLmpwZyIsInNsaWRlc2hvdyI6IjFlMWJkZTg3In0%3D\" href='https:\/\/www.labatissedespres.com\/wp-content\/uploads\/2025\/11\/Cuisine-1-new-scaled.jpg'><img loading=\"lazy\" decoding=\"async\" width=\"768\" height=\"576\" src=\"https:\/\/www.labatissedespres.com\/wp-content\/uploads\/2025\/11\/Cuisine-1-new-768x576.jpg\" class=\"attachment-medium_large size-medium_large\" alt=\"\" srcset=\"https:\/\/www.labatissedespres.com\/wp-content\/uploads\/2025\/11\/Cuisine-1-new-768x576.jpg 768w, https:\/\/www.labatissedespres.com\/wp-content\/uploads\/2025\/11\/Cuisine-1-new-300x225.jpg 300w, https:\/\/www.labatissedespres.com\/wp-content\/uploads\/2025\/11\/Cuisine-1-new-1024x768.jpg 1024w, https:\/\/www.labatissedespres.com\/wp-content\/uploads\/2025\/11\/Cuisine-1-new-1536x1152.jpg 1536w, https:\/\/www.labatissedespres.com\/wp-content\/uploads\/2025\/11\/Cuisine-1-new-2048x1536.jpg 2048w\" sizes=\"(max-width: 768px) 100vw, 768px\" \/><\/a>\n\t\t\t<\/div><\/figure><figure class='gallery-item'>\n\t\t\t<div class='gallery-icon landscape'>\n\t\t\t\t<a data-elementor-open-lightbox=\"yes\" data-elementor-lightbox-slideshow=\"1e1bde87\" data-elementor-lightbox-title=\"PDV 1 new\" data-e-action-hash=\"#elementor-action%3Aaction%3Dlightbox%26settings%3DeyJpZCI6MTE2NCwidXJsIjoiaHR0cHM6XC9cL3d3dy5sYWJhdGlzc2VkZXNwcmVzLmNvbVwvd3AtY29udGVudFwvdXBsb2Fkc1wvMjAyNVwvMTFcL1BEVi0xLW5ldy1zY2FsZWQuanBnIiwic2xpZGVzaG93IjoiMWUxYmRlODcifQ%3D%3D\" href='https:\/\/www.labatissedespres.com\/wp-content\/uploads\/2025\/11\/PDV-1-new-scaled.jpg'><img loading=\"lazy\" decoding=\"async\" width=\"768\" height=\"576\" src=\"https:\/\/www.labatissedespres.com\/wp-content\/uploads\/2025\/11\/PDV-1-new-768x576.jpg\" class=\"attachment-medium_large size-medium_large\" alt=\"\" srcset=\"https:\/\/www.labatissedespres.com\/wp-content\/uploads\/2025\/11\/PDV-1-new-768x576.jpg 768w, https:\/\/www.labatissedespres.com\/wp-content\/uploads\/2025\/11\/PDV-1-new-300x225.jpg 300w, https:\/\/www.labatissedespres.com\/wp-content\/uploads\/2025\/11\/PDV-1-new-1024x768.jpg 1024w, https:\/\/www.labatissedespres.com\/wp-content\/uploads\/2025\/11\/PDV-1-new-1536x1152.jpg 1536w, https:\/\/www.labatissedespres.com\/wp-content\/uploads\/2025\/11\/PDV-1-new-2048x1536.jpg 2048w\" sizes=\"(max-width: 768px) 100vw, 768px\" \/><\/a>\n\t\t\t<\/div><\/figure><figure class='gallery-item'>\n\t\t\t<div class='gallery-icon landscape'>\n\t\t\t\t<a data-elementor-open-lightbox=\"yes\" data-elementor-lightbox-slideshow=\"1e1bde87\" data-elementor-lightbox-title=\"PDV 4 new\" data-e-action-hash=\"#elementor-action%3Aaction%3Dlightbox%26settings%3DeyJpZCI6MTE2NSwidXJsIjoiaHR0cHM6XC9cL3d3dy5sYWJhdGlzc2VkZXNwcmVzLmNvbVwvd3AtY29udGVudFwvdXBsb2Fkc1wvMjAyNVwvMTFcL1BEVi00LW5ldy1zY2FsZWQuanBnIiwic2xpZGVzaG93IjoiMWUxYmRlODcifQ%3D%3D\" href='https:\/\/www.labatissedespres.com\/wp-content\/uploads\/2025\/11\/PDV-4-new-scaled.jpg'><img loading=\"lazy\" decoding=\"async\" width=\"768\" height=\"576\" src=\"https:\/\/www.labatissedespres.com\/wp-content\/uploads\/2025\/11\/PDV-4-new-768x576.jpg\" class=\"attachment-medium_large size-medium_large\" alt=\"\" srcset=\"https:\/\/www.labatissedespres.com\/wp-content\/uploads\/2025\/11\/PDV-4-new-768x576.jpg 768w, https:\/\/www.labatissedespres.com\/wp-content\/uploads\/2025\/11\/PDV-4-new-300x225.jpg 300w, https:\/\/www.labatissedespres.com\/wp-content\/uploads\/2025\/11\/PDV-4-new-1024x768.jpg 1024w, https:\/\/www.labatissedespres.com\/wp-content\/uploads\/2025\/11\/PDV-4-new-1536x1152.jpg 1536w, https:\/\/www.labatissedespres.com\/wp-content\/uploads\/2025\/11\/PDV-4-new-2048x1536.jpg 2048w\" sizes=\"(max-width: 768px) 100vw, 768px\" \/><\/a>\n\t\t\t<\/div><\/figure><figure class='gallery-item'>\n\t\t\t<div class='gallery-icon landscape'>\n\t\t\t\t<a data-elementor-open-lightbox=\"yes\" data-elementor-lightbox-slideshow=\"1e1bde87\" data-elementor-lightbox-title=\"SDB new\" data-e-action-hash=\"#elementor-action%3Aaction%3Dlightbox%26settings%3DeyJpZCI6MTE2NiwidXJsIjoiaHR0cHM6XC9cL3d3dy5sYWJhdGlzc2VkZXNwcmVzLmNvbVwvd3AtY29udGVudFwvdXBsb2Fkc1wvMjAyNVwvMTFcL1NEQi1uZXctc2NhbGVkLmpwZyIsInNsaWRlc2hvdyI6IjFlMWJkZTg3In0%3D\" href='https:\/\/www.labatissedespres.com\/wp-content\/uploads\/2025\/11\/SDB-new-scaled.jpg'><img loading=\"lazy\" decoding=\"async\" width=\"768\" height=\"576\" src=\"https:\/\/www.labatissedespres.com\/wp-content\/uploads\/2025\/11\/SDB-new-768x576.jpg\" class=\"attachment-medium_large size-medium_large\" alt=\"\" srcset=\"https:\/\/www.labatissedespres.com\/wp-content\/uploads\/2025\/11\/SDB-new-768x576.jpg 768w, https:\/\/www.labatissedespres.com\/wp-content\/uploads\/2025\/11\/SDB-new-300x225.jpg 300w, https:\/\/www.labatissedespres.com\/wp-content\/uploads\/2025\/11\/SDB-new-1024x768.jpg 1024w, https:\/\/www.labatissedespres.com\/wp-content\/uploads\/2025\/11\/SDB-new-1536x1152.jpg 1536w, https:\/\/www.labatissedespres.com\/wp-content\/uploads\/2025\/11\/SDB-new-2048x1536.jpg 2048w\" sizes=\"(max-width: 768px) 100vw, 768px\" \/><\/a>\n\t\t\t<\/div><\/figure><figure class='gallery-item'>\n\t\t\t<div class='gallery-icon landscape'>\n\t\t\t\t<a data-elementor-open-lightbox=\"yes\" data-elementor-lightbox-slideshow=\"1e1bde87\" data-elementor-lightbox-title=\"IMG-20240821-WA0012\" data-e-action-hash=\"#elementor-action%3Aaction%3Dlightbox%26settings%3DeyJpZCI6MTE2NywidXJsIjoiaHR0cHM6XC9cL3d3dy5sYWJhdGlzc2VkZXNwcmVzLmNvbVwvd3AtY29udGVudFwvdXBsb2Fkc1wvMjAyNVwvMTFcL0lNRy0yMDI0MDgyMS1XQTAwMTIuanBnIiwic2xpZGVzaG93IjoiMWUxYmRlODcifQ%3D%3D\" href='https:\/\/www.labatissedespres.com\/wp-content\/uploads\/2025\/11\/IMG-20240821-WA0012.jpg'><img loading=\"lazy\" decoding=\"async\" width=\"768\" height=\"576\" src=\"https:\/\/www.labatissedespres.com\/wp-content\/uploads\/2025\/11\/IMG-20240821-WA0012-768x576.jpg\" class=\"attachment-medium_large size-medium_large\" alt=\"\" srcset=\"https:\/\/www.labatissedespres.com\/wp-content\/uploads\/2025\/11\/IMG-20240821-WA0012-768x576.jpg 768w, https:\/\/www.labatissedespres.com\/wp-content\/uploads\/2025\/11\/IMG-20240821-WA0012-300x225.jpg 300w, https:\/\/www.labatissedespres.com\/wp-content\/uploads\/2025\/11\/IMG-20240821-WA0012-1024x768.jpg 1024w, https:\/\/www.labatissedespres.com\/wp-content\/uploads\/2025\/11\/IMG-20240821-WA0012-1536x1152.jpg 1536w, https:\/\/www.labatissedespres.com\/wp-content\/uploads\/2025\/11\/IMG-20240821-WA0012.jpg 2000w\" sizes=\"(max-width: 768px) 100vw, 768px\" \/><\/a>\n\t\t\t<\/div><\/figure><figure class='gallery-item'>\n\t\t\t<div class='gallery-icon portrait'>\n\t\t\t\t<a data-elementor-open-lightbox=\"yes\" data-elementor-lightbox-slideshow=\"1e1bde87\" data-elementor-lightbox-title=\"IMG-20240821-WA0016\" data-e-action-hash=\"#elementor-action%3Aaction%3Dlightbox%26settings%3DeyJpZCI6MTE2OCwidXJsIjoiaHR0cHM6XC9cL3d3dy5sYWJhdGlzc2VkZXNwcmVzLmNvbVwvd3AtY29udGVudFwvdXBsb2Fkc1wvMjAyNVwvMTFcL0lNRy0yMDI0MDgyMS1XQTAwMTYuanBlZyIsInNsaWRlc2hvdyI6IjFlMWJkZTg3In0%3D\" href='https:\/\/www.labatissedespres.com\/wp-content\/uploads\/2025\/11\/IMG-20240821-WA0016.jpeg'><img loading=\"lazy\" decoding=\"async\" width=\"768\" height=\"1024\" src=\"https:\/\/www.labatissedespres.com\/wp-content\/uploads\/2025\/11\/IMG-20240821-WA0016-768x1024.jpeg\" class=\"attachment-medium_large size-medium_large\" alt=\"\" srcset=\"https:\/\/www.labatissedespres.com\/wp-content\/uploads\/2025\/11\/IMG-20240821-WA0016-768x1024.jpeg 768w, https:\/\/www.labatissedespres.com\/wp-content\/uploads\/2025\/11\/IMG-20240821-WA0016-225x300.jpeg 225w, https:\/\/www.labatissedespres.com\/wp-content\/uploads\/2025\/11\/IMG-20240821-WA0016-1152x1536.jpeg 1152w, https:\/\/www.labatissedespres.com\/wp-content\/uploads\/2025\/11\/IMG-20240821-WA0016.jpeg 1500w\" sizes=\"(max-width: 768px) 100vw, 768px\" \/><\/a>\n\t\t\t<\/div><\/figure><figure class='gallery-item'>\n\t\t\t<div class='gallery-icon landscape'>\n\t\t\t\t<a data-elementor-open-lightbox=\"yes\" data-elementor-lightbox-slideshow=\"1e1bde87\" data-elementor-lightbox-title=\"Terrasse new\" data-e-action-hash=\"#elementor-action%3Aaction%3Dlightbox%26settings%3DeyJpZCI6MTE2OSwidXJsIjoiaHR0cHM6XC9cL3d3dy5sYWJhdGlzc2VkZXNwcmVzLmNvbVwvd3AtY29udGVudFwvdXBsb2Fkc1wvMjAyNVwvMTFcL1RlcnJhc3NlLW5ldy5wbmciLCJzbGlkZXNob3ciOiIxZTFiZGU4NyJ9\" href='https:\/\/www.labatissedespres.com\/wp-content\/uploads\/2025\/11\/Terrasse-new.png'><img loading=\"lazy\" decoding=\"async\" width=\"768\" height=\"576\" src=\"https:\/\/www.labatissedespres.com\/wp-content\/uploads\/2025\/11\/Terrasse-new-768x576.png\" class=\"attachment-medium_large size-medium_large\" alt=\"\" srcset=\"https:\/\/www.labatissedespres.com\/wp-content\/uploads\/2025\/11\/Terrasse-new-768x576.png 768w, https:\/\/www.labatissedespres.com\/wp-content\/uploads\/2025\/11\/Terrasse-new-300x225.png 300w, https:\/\/www.labatissedespres.com\/wp-content\/uploads\/2025\/11\/Terrasse-new.png 800w\" sizes=\"(max-width: 768px) 100vw, 768px\" \/><\/a>\n\t\t\t<\/div><\/figure>\n\t\t<\/div>\n\t\t<\/div>\n\t\t\t\t\t\t<\/div>\n\t\t\t\t\t<\/div>\n\t\t\t\t<\/div>\n\t\t\t\t<\/div>\n\t\t","protected":false},"excerpt":{"rendered":"<p>Pousterle Son atmosph\u00e8re unique, ses teintes claires et reposante, l&rsquo;endroit id\u00e9al pour se ressourcer Caract\u00e9ristiques de l&rsquo;appartement Lorem ipsum dolor sit amet, consectetur adipiscing elit. Ut elit tellus, luctus nec ullamcorper mattis, pulvinar dapibus leo. Equipements de l&rsquo;appartement Lorem ipsum dolor sit amet, consectetur adipiscing elit. Ut elit tellus, luctus nec ullamcorper mattis, pulvinar dapibus [&hellip;]<\/p>\n","protected":false},"author":1,"featured_media":0,"parent":0,"menu_order":0,"comment_status":"closed","ping_status":"closed","template":"","meta":{"footnotes":""},"class_list":["post-622","page","type-page","status-publish","hentry"],"_links":{"self":[{"href":"https:\/\/www.labatissedespres.com\/index.php\/wp-json\/wp\/v2\/pages\/622","targetHints":{"allow":["GET"]}}],"collection":[{"href":"https:\/\/www.labatissedespres.com\/index.php\/wp-json\/wp\/v2\/pages"}],"about":[{"href":"https:\/\/www.labatissedespres.com\/index.php\/wp-json\/wp\/v2\/types\/page"}],"author":[{"embeddable":true,"href":"https:\/\/www.labatissedespres.com\/index.php\/wp-json\/wp\/v2\/users\/1"}],"replies":[{"embeddable":true,"href":"https:\/\/www.labatissedespres.com\/index.php\/wp-json\/wp\/v2\/comments?post=622"}],"version-history":[{"count":29,"href":"https:\/\/www.labatissedespres.com\/index.php\/wp-json\/wp\/v2\/pages\/622\/revisions"}],"predecessor-version":[{"id":1172,"href":"https:\/\/www.labatissedespres.com\/index.php\/wp-json\/wp\/v2\/pages\/622\/revisions\/1172"}],"wp:attachment":[{"href":"https:\/\/www.labatissedespres.com\/index.php\/wp-json\/wp\/v2\/media?parent=622"}],"curies":[{"name":"wp","href":"https:\/\/api.w.org\/{rel}","templated":true}]}}